{"id":8140,"date":"2023-04-27T12:57:12","date_gmt":"2023-04-27T10:57:12","guid":{"rendered":"http:\/\/lazio.cultura.gov.it\/?page_id=8140"},"modified":"2024-10-29T13:08:07","modified_gmt":"2024-10-29T12:08:07","slug":"patrimonio-aperto-al-pubblico","status":"publish","type":"page","link":"https:\/\/lazio.cultura.gov.it\/?page_id=8140","title":{"rendered":"Patrimonio aperto al pubblico"},"content":{"rendered":"\n<div class=\"wp-block-columns is-layout-flex wp-container-core-columns-is-layout-2 wp-block-columns-is-layout-flex\">\n<div class=\"wp-block-column is-layout-flow wp-block-column-is-layout-flow\" style=\"flex-basis:100%\">\n<div class=\"wp-block-columns is-layout-flex wp-container-core-columns-is-layout-1 wp-block-columns-is-layout-flex\">\n<div class=\"wp-block-column is-layout-flow wp-block-column-is-layout-flow\" style=\"flex-basis:100%\">\n<p style=\"text-align: center;\"><strong>\u00a0 \u00a0 \u00a0 \u00a0 PATRIMONIO CULTURALE APERTO AL PUBBLICO<\/strong><\/p>\n<p style=\"text-align: center;\"><strong>\u00a0 \u00a0 \u00a0 Beni restaurati con il contributo dello Stato<\/strong><\/p>\n<p>Il\u00a0<strong>Ministero della\u00a0 Cultura<\/strong>\u00a0offre l\u2019opportunit\u00e0 di visitare alcuni edifici storici e di pregio appartenenti al patrimonio culturale del nostro territorio, restaurati con il contributo pubblico, ai sensi dell\u2019art. 38 del Codice dei beni culturale e del paesaggio, che prevede l\u2019accessibilit\u00e0 al pubblico dei beni culturali oggetto di interventi conservativi.<\/p>\n<p>Gli interventi conservativi avviati volontariamente dai proprietari, possessori o detentori di beni culturali tutelati possono essere sostenuti in modo totale o parziale dallo Stato, nelle forme previste dal\u00a0Codice\u00a0(artt. 31, 35, 37). Nel caso si tratti di immobili, quale contropartita ai contributi ricevuti, i privati e gli enti beneficiari hanno l\u2019obbligo di rendere visitabili al pubblico i beni restaurati (art. 38) sottoscrivendo una convenzione all\u2019atto della assunzione dell\u2019onere della spesa o della concessione del contributo, in cui sono specificati le modalit\u00e0, il calendario e gli orari di apertura.<\/p>\n<p>Le convenzioni stipulate tra il Ministero e i singoli proprietari hanno durata minima di 10 anni e\u00a0stabiliscono i limiti temporali dell\u2019obbligo di apertura al pubblico, tenendo conto della tipologia degli interventi, del valore artistico e storico degli immobili e dei beni in essi esistenti. Accordi e convenzioni sono trasmessi, a cura del soprintendente, al comune e alla citt\u00e0 metropolitana nel cui territorio si trovano gli immobili.<\/p>\n<p>L\u2019obiettivo della misura normativa \u00e8 di sostenere la tutela e la conservazione del patrimonio culturale nazionale, anche di propriet\u00e0 privata, e al contempo di promuoverne la pi\u00f9 ampia fruizione e conoscenza.<\/p>\n<p>Di seguito \u00e8 disponibile l\u2019elenco, in continuo aggiornamento, degli immobili restaurati e aperti al pubblico dietro apposita Convenzione con il proprietario del bene in base all&#8217; art. 38 del D.lgs n. 42\/2004.<\/p>\n<p>Si veda anche la sezione\u00a0<a href=\"http:\/\/lazio.cultura.gov.it\/?page_id=3840\"><strong>Contributi<\/strong><\/a>.<\/p>\n<p>\u00a0<\/p>\n<p>\u00a0<\/p>\n<p><b><i>Comune di Bolsena (VT)<\/i><\/b><\/p>\n<p><a href=\"http:\/\/lazio.cultura.gov.it\/?p=6311\"><b><i><em>Palazzo Cozza Caposavi<\/em><\/i><\/b><\/a><\/p>\n<p><a href=\"https:\/\/lazio.cultura.gov.it\/wp-content\/uploads\/2024\/10\/Bolsena-Palazzo-Cozza-Caposavi-Bettiol-10-2.jpg\"><img loading=\"lazy\" decoding=\"async\" class=\"wp-image-8990 alignleft\" src=\"https:\/\/lazio.cultura.gov.it\/wp-content\/uploads\/2024\/10\/Bolsena-Palazzo-Cozza-Caposavi-Bettiol-10-2-300x200.jpg\" alt=\"\" width=\"225\" height=\"150\" srcset=\"https:\/\/lazio.cultura.gov.it\/wp-content\/uploads\/2024\/10\/Bolsena-Palazzo-Cozza-Caposavi-Bettiol-10-2-300x200.jpg 300w, https:\/\/lazio.cultura.gov.it\/wp-content\/uploads\/2024\/10\/Bolsena-Palazzo-Cozza-Caposavi-Bettiol-10-2-1024x683.jpg 1024w, https:\/\/lazio.cultura.gov.it\/wp-content\/uploads\/2024\/10\/Bolsena-Palazzo-Cozza-Caposavi-Bettiol-10-2-768x512.jpg 768w, https:\/\/lazio.cultura.gov.it\/wp-content\/uploads\/2024\/10\/Bolsena-Palazzo-Cozza-Caposavi-Bettiol-10-2-219x146.jpg 219w, https:\/\/lazio.cultura.gov.it\/wp-content\/uploads\/2024\/10\/Bolsena-Palazzo-Cozza-Caposavi-Bettiol-10-2-50x33.jpg 50w, https:\/\/lazio.cultura.gov.it\/wp-content\/uploads\/2024\/10\/Bolsena-Palazzo-Cozza-Caposavi-Bettiol-10-2-113x75.jpg 113w, https:\/\/lazio.cultura.gov.it\/wp-content\/uploads\/2024\/10\/Bolsena-Palazzo-Cozza-Caposavi-Bettiol-10-2.jpg 1050w\" sizes=\"(max-width: 225px) 100vw, 225px\" \/><\/a>Piazza San Rocco n.12<\/p>\n<p>visitabile la prima domenica di ogni mese dalle ore 15.30 alle ore 18.30 per un\u00a0 numero massimo di 35 persone su prenotazione (francescoves@gmail.com)<\/p>\n<p>\u00a0<\/p>\n<p>\u00a0<\/p>\n<p><em><strong>\u00a0 \u00a0 \u00a0 \u00a0 \u00a0 \u00a0 \u00a0 \u00a0 \u00a0 \u00a0 \u00a0 \u00a0 \u00a0 \u00a0 \u00a0 \u00a0 \u00a0 \u00a0 \u00a0 \u00a0 \u00a0 \u00a0 \u00a0 \u00a0 \u00a0 \u00a0 \u00a0 \u00a0 \u00a0 \u00a0 \u00a0 \u00a0 \u00a0 \u00a0 \u00a0 \u00a0 \u00a0 \u00a0 \u00a0 \u00a0 \u00a0 \u00a0 \u00a0 \u00a0 \u00a0 \u00a0 \u00a0 \u00a0 \u00a0 \u00a0 \u00a0 \u00a0 \u00a0 \u00a0 \u00a0 \u00a0 \u00a0 \u00a0 \u00a0 \u00a0 \u00a0 \u00a0 \u00a0 \u00a0 \u00a0 \u00a0 \u00a0 \u00a0 \u00a0 \u00a0 \u00a0 \u00a0 \u00a0 \u00a0 \u00a0 \u00a0 \u00a0 \u00a0 \u00a0 \u00a0 \u00a0 \u00a0 \u00a0 \u00a0 \u00a0 \u00a0 \u00a0 \u00a0 \u00a0 \u00a0 \u00a0 \u00a0 \u00a0 Comune di Ischia di Castro (VT)<\/strong><\/em><\/p>\n<p><strong>Rocca Farnese<\/strong><\/p>\n<p><a href=\"http:\/\/lazio.cultura.gov.it\/wp-content\/uploads\/2023\/04\/dimore_quartetto_rocca-farnese-ischia-castro-1.jpg\"><img loading=\"lazy\" decoding=\"async\" class=\"wp-image-8148 alignleft\" src=\"http:\/\/lazio.cultura.gov.it\/wp-content\/uploads\/2023\/04\/dimore_quartetto_rocca-farnese-ischia-castro-1.jpg\" alt=\"\" width=\"178\" height=\"134\" srcset=\"https:\/\/lazio.cultura.gov.it\/wp-content\/uploads\/2023\/04\/dimore_quartetto_rocca-farnese-ischia-castro-1.jpg 1612w, https:\/\/lazio.cultura.gov.it\/wp-content\/uploads\/2023\/04\/dimore_quartetto_rocca-farnese-ischia-castro-1-300x225.jpg 300w, https:\/\/lazio.cultura.gov.it\/wp-content\/uploads\/2023\/04\/dimore_quartetto_rocca-farnese-ischia-castro-1-1024x768.jpg 1024w, https:\/\/lazio.cultura.gov.it\/wp-content\/uploads\/2023\/04\/dimore_quartetto_rocca-farnese-ischia-castro-1-768x576.jpg 768w, https:\/\/lazio.cultura.gov.it\/wp-content\/uploads\/2023\/04\/dimore_quartetto_rocca-farnese-ischia-castro-1-1536x1152.jpg 1536w, https:\/\/lazio.cultura.gov.it\/wp-content\/uploads\/2023\/04\/dimore_quartetto_rocca-farnese-ischia-castro-1-195x146.jpg 195w, https:\/\/lazio.cultura.gov.it\/wp-content\/uploads\/2023\/04\/dimore_quartetto_rocca-farnese-ischia-castro-1-50x38.jpg 50w, https:\/\/lazio.cultura.gov.it\/wp-content\/uploads\/2023\/04\/dimore_quartetto_rocca-farnese-ischia-castro-1-100x75.jpg 100w\" sizes=\"(max-width: 178px) 100vw, 178px\" \/><\/a>Piazza Regina Margherita 1\u00a0 \u00a0 \u00a0 \u00a0 \u00a0 \u00a0 \u00a0 \u00a0 \u00a0 \u00a0 \u00a0 \u00a0 \u00a0 \u00a0 \u00a0 \u00a0 \u00a0 \u00a0 \u00a0 \u00a0 \u00a0 \u00a0 \u00a0 \u00a0 \u00a0 \u00a0 \u00a0 \u00a0 \u00a0 \u00a0 \u00a0 \u00a0 \u00a0 \u00a0 \u00a0 \u00a0 \u00a0 \u00a0 \u00a0 \u00a0 \u00a0 \u00a0 \u00a0 \u00a0 \u00a0 \u00a0 \u00a0 \u00a0 \u00a0 \u00a0 \u00a0 \u00a0 \u00a0 \u00a0 \u00a0 \u00a0 \u00a0 \u00a0 \u00a0 \u00a0 \u00a0 \u00a0 \u00a0 \u00a0 \u00a0 \u00a0 \u00a0 \u00a0 \u00a0 \u00a0 \u00a0 \u00a0 \u00a0 \u00a0 \u00a0 \u00a0 \u00a0 \u00a0 \u00a0 \u00a0 \u00a0 \u00a0 \u00a0 \u00a0 \u00a0 \u00a0 \u00a0 \u00a0 \u00a0 \u00a0 \u00a0 \u00a0 \u00a0 \u00a0 \u00a0 \u00a0 \u00a0 \u00a0 \u00a0 \u00a0 \u00a0 \u00a0 \u00a0 \u00a0 \u00a0 \u00a0 \u00a0 \u00a0 \u00a0 \u00a0 \u00a0 \u00a0 \u00a0 \u00a0 \u00a0 \u00a0 \u00a0 \u00a0 \u00a0 \u00a0 \u00a0 \u00a0 \u00a0 \u00a0 \u00a0 \u00a0 \u00a0 \u00a0 \u00a0 \u00a0 \u00a0 \u00a0 \u00a0 \u00a0 \u00a0 \u00a0 \u00a0 \u00a0 \u00a0 \u00a0 \u00a0 \u00a0 \u00a0 \u00a0 \u00a0 \u00a0 \u00a0 \u00a0 \u00a0 \u00a0 \u00a0 \u00a0 \u00a0 \u00a0 \u00a0 \u00a0 \u00a0 \u00a0 \u00a0 \u00a0 \u00a0 \u00a0 \u00a0 \u00a0 \u00a0 \u00a0 \u00a0 \u00a0 \u00a0 \u00a0 \u00a0 \u00a0 \u00a0 \u00a0 \u00a0 \u00a0 \u00a0 \u00a0 \u00a0 \u00a0 \u00a0Accesso gratuito al cortile, scala, ambienti\u00a0 di rappresentanza del piano nobile e al piano terreno (con esclusione delle stanze da letto) il primo sabato di ogni mese dalle ore 09.00 alle ore 12.00, per un numero massimo di 35 persone su prenotazione (<a href=\"mailto:info@apvoi.com\">info@apvoi.com<\/a>)<\/p>\n<\/div>\n<\/div>\n<\/div>\n<\/div>\n","protected":false},"excerpt":{"rendered":"<p>\u00a0 \u00a0 \u00a0 \u00a0 PATRIMONIO CULTURALE APERTO AL PUBBLICO \u00a0 \u00a0 \u00a0 Beni restaurati con il contributo dello Stato Il\u00a0Ministero della\u00a0 Cultura\u00a0offre l\u2019opportunit\u00e0 di visitare alcuni [&hellip;]<\/p>\n","protected":false},"author":7,"featured_media":0,"parent":0,"menu_order":0,"comment_status":"closed","ping_status":"closed","template":"","meta":{"footnotes":""},"class_list":["post-8140","page","type-page","status-publish","hentry"],"_links":{"self":[{"href":"https:\/\/lazio.cultura.gov.it\/index.php?rest_route=\/wp\/v2\/pages\/8140"}],"collection":[{"href":"https:\/\/lazio.cultura.gov.it\/index.php?rest_route=\/wp\/v2\/pages"}],"about":[{"href":"https:\/\/lazio.cultura.gov.it\/index.php?rest_route=\/wp\/v2\/types\/page"}],"author":[{"embeddable":true,"href":"https:\/\/lazio.cultura.gov.it\/index.php?rest_route=\/wp\/v2\/users\/7"}],"replies":[{"embeddable":true,"href":"https:\/\/lazio.cultura.gov.it\/index.php?rest_route=%2Fwp%2Fv2%2Fcomments&post=8140"}],"version-history":[{"count":3,"href":"https:\/\/lazio.cultura.gov.it\/index.php?rest_route=\/wp\/v2\/pages\/8140\/revisions"}],"predecessor-version":[{"id":9048,"href":"https:\/\/lazio.cultura.gov.it\/index.php?rest_route=\/wp\/v2\/pages\/8140\/revisions\/9048"}],"wp:attachment":[{"href":"https:\/\/lazio.cultura.gov.it\/index.php?rest_route=%2Fwp%2Fv2%2Fmedia&parent=8140"}],"curies":[{"name":"wp","href":"https:\/\/api.w.org\/{rel}","templated":true}]}}