{"id":7042,"date":"2022-05-13T12:26:11","date_gmt":"2022-05-13T10:26:11","guid":{"rendered":"http:\/\/lazio.cultura.gov.it\/?page_id=7042"},"modified":"2022-05-16T14:08:49","modified_gmt":"2022-05-16T12:08:49","slug":"convenzione-per-il-patrimonio-immateriale","status":"publish","type":"page","link":"https:\/\/lazio.cultura.gov.it\/?page_id=7042","title":{"rendered":"Convenzione per il patrimonio immateriale"},"content":{"rendered":"<p><strong>\u00a0 \u00a0 \u00a0 \u00a0 \u00a0 \u00a0 \u00a0 \u00a0 \u00a0 \u00a0 \u00a0\u00a0<\/strong><\/p>\n<p>Nel 2003 a Parigi \u00e8 approvata la\u00a0<strong>Convenzione per la Salvaguardia del patrimonio culturale immateriale<\/strong>, che stabilisce la salvaguardia, la promozione e la consapevolezza di Beni intangibili, come tradizioni culturali, etniche, artigianali che rappresentano l\u2019espressione e i valori di gruppi o comunit\u00e0 ed \u00e8 stata ratificata dall\u2019Italia con L. 167 del 27 settembre 2007.<\/p>\n<p>Il \u201cpatrimonio culturale immateriale\u201d, espressione della diversit\u00e0 culturale, racchiude le tradizioni ed espressioni orali, ivi compreso il linguaggio, \u00a0le arti dello spettacolo, le consuetudini sociali, gli eventi rituali e festivi, nonch\u00e9 le cognizioni e le prassi relative alla natura e all\u2019universo e \u00a0l\u2019artigianato tradizionale.<\/p>\n<p>L\u2019insieme di prassi e conoscenze che ne sono alla base, trasmesse di generazione in generazione, \u00e8 costantemente ricreato dalle comunit\u00e0 e dai gruppi in risposta al loro ambiente, alla loro interazione con la natura e alla loro storia e d\u00e0 loro un senso d\u2019identit\u00e0 e di continuit\u00e0, promuovendo in tal modo il rispetto per la diversit\u00e0 culturale e la creativit\u00e0 umana.<\/p>\n<p>Nel rispetto dei principali strumenti internazionali esistenti in materia di diritti umani, richiamati nelle sue premesse, la Convenzione tiene conto del patrimonio culturale immateriale unicamente nella misura in cui \u00e8 compatibile con gli strumenti esistenti in materia di diritti umani e con le esigenze di rispetto reciproco fra comunit\u00e0, gruppi e individui nonch\u00e9 dello sviluppo sostenibile.<\/p>\n<p>Nell&#8217;attuale assetto organizzativo del\u00a0<strong>Ministero della Cultura<\/strong>, la crescente importanza assunta da tale tipologia di bene culturale \u00e8 confermata dal rilevante ruolo dell&#8217;\u00a0<strong><a href=\"https:\/\/icpi.beniculturali.it\/\">Istituto Centrale per il Patrimonio Immateriale<\/a>\u00a0<\/strong>(ex Istituto centrale per la demoetnoantropologia), dal 2016 dipendente dal Servizio VI della Direzione Generale Archeologia Belle Arti e Paesaggio, operante nell&#8217;ambito della valorizzazione, in Italia e all\u2019estero, dei beni culturali demoetnoantropologici, materiali e immateriali, e delle espressioni delle diversit\u00e0 culturali presenti sul territorio.<\/p>\n<p>&nbsp;<\/p>\n<p><strong><a href=\"http:\/\/lazio.cultura.gov.it\/wp-content\/uploads\/2022\/05\/ConvenzionePatrimonioImmateriale2003-ITA.pdf\">Convenzione per il Patrimonio Immateriale 2003<\/a><\/strong><\/p>\n<p>&nbsp;<\/p>\n<p><a href=\"http:\/\/lazio.cultura.gov.it\/wp-content\/uploads\/2022\/05\/Trastevere-Antica-Giudecca.gif\"><img loading=\"lazy\" decoding=\"async\" class=\"alignnone size-full wp-image-6998\" src=\"http:\/\/lazio.cultura.gov.it\/wp-content\/uploads\/2022\/05\/Trastevere-Antica-Giudecca.gif\" alt=\"\" width=\"1440\" height=\"810\" \/><\/a><\/p>\n<p>&nbsp;<\/p>\n<p>La Convenzione sul Patrimonio Immateriale intende, in particolare:<\/p>\n<ul>\n<li>proteggere il Patrimonio Culturale Immateriale;<\/li>\n<li>garantire il rispetto del Patrimonio Culturale Immateriale di comunit\u00e0, gruppi e individui coinvolti;<\/li>\n<li>promuovere processi di sensibilizzazione, a livello locale, nazionale ed internazionale, sull\u2019importanza del patrimonio culturale intangibile ed assicurarne il mutuo riconoscimento;<\/li>\n<li>assicurare la cooperazione ed assistenza internazionale.<\/li>\n<\/ul>\n<p>Ai sensi della Convenzione sono state istituite due liste di beni immateriali:<\/p>\n<p>&#8211; La Lista Rappresentativa del Patrimonio Culturale immateriale (Representative List of the Intangible Cultural Heritage of Humanity), che contribuisce a dimostrare la diversit\u00e0 del patrimonio intangibile e ad aumentare la consapevolezza della sua importanza;<\/p>\n<p>&#8211; La Lista del Patrimonio Immateriale che necessita di urgente tutela (List of Intangible Cultural Heritage in Need of Urgent Safeguarding), che ha lo scopo di mobilitare la cooperazione internazionale e fornire assistenza ai portatori di interessi per adottare misure adeguate.<\/p>\n<p>E\u2019 stato istituito, inoltre, il Registro delle Buone pratiche di salvaguardia (Register of Best Safeguarding Practices), che contiene programmi, progetti e attivit\u00e0 che meglio riflettono i principi e gli obiettivi della Convenzione.<\/p>\n<p>&nbsp;<\/p>\n<p><strong>La candidatura<\/strong><\/p>\n<p>Gli Stati Membri della Convenzione possono proporre la candidatura di nuovi \u201cElementi o Progetti, Attivit\u00e0 o Programmi di Buone Pratiche di Salvaguardia\u201d per l\u2019iscrizione nelle Liste del Patrimonio Culturale Immateriale UNESCO.<\/p>\n<p>A tal fine, ciascuno Stato, con la partecipazione della comunit\u00e0 e i gruppi di detentori e praticanti direttamente interessati, deve procedere alla definizione, identificazione ed inventariazione degli \u201cElementi\u201d che si intendono candidare alla Lista della Salvaguardia Urgente e alla Lista Rappresentativa; allo stesso modo, ogni Stato deve procedere alla definizione di \u201cProgetti, Attivit\u00e0 o Programmi\u201d che si intendono candidare nel Registro delle Buone Pratiche di Salvaguardia.<\/p>\n<p>Tale processo di inventariazione ai fini delle candidature UNESCO del Patrimonio Culturale Immateriale si inscrive nell\u2019attivit\u00e0 istruttoria formalmente avviata ed \u00e8 coordinato dal Servizio I del Segretariato Generale del MIBACT, al cui sito si rimanda per ogni ulteriore approfondimento.<\/p>\n<p><a href=\"https:\/\/www.unesco.beniculturali.it\/convenzione-2003\/\">https:\/\/www.unesco.beniculturali.it\/convenzione-2003\/<\/a><\/p>\n<p>Inoltre \u00e8 possibile consultare il sito web UNESCO<\/p>\n<p><a href=\"https:\/\/ich.unesco.org\/\">https:\/\/ich.unesco.org<\/a><\/p>\n<p>&nbsp;<\/p>\n<p><strong>La lista dei beni intangibili italiani<\/strong><\/p>\n<p>&nbsp;<\/p>\n<p>Gli elementi italiani iscritti oggi nella <strong>Lista Rappresentativa del Patrimonio Culturale Immateriale<\/strong> sono 15, ovvero:<\/p>\n<p>&#8211;\u00a0<a href=\"http:\/\/www.unesco.it\/it\/PatrimonioImmateriale\/Detail\/387\">2008 Opera dei Pupi siciliani<\/a>;<\/p>\n<p>&#8211;\u00a0<a href=\"http:\/\/www.unesco.it\/it\/PatrimonioImmateriale\/Detail\/386\">2008 Canto a tenore sardo<\/a>;<\/p>\n<p>&#8211;\u00a0<a href=\"http:\/\/www.unesco.it\/it\/PatrimonioImmateriale\/Detail\/385\">2012 Saper fare liutario di Cremona<\/a>;<\/p>\n<p>&#8211;\u00a0<a href=\"http:\/\/www.unesco.it\/it\/PatrimonioImmateriale\/Detail\/384\">2013 Dieta mediterranea, elemento transnazionale\u00a0(comprendente oltre all\u2019Italia anche Cipro, Croazia, Grecia, Marocco, Spagna e Portogallo)<\/a>;<\/p>\n<p>&#8211;\u00a0<a href=\"https:\/\/www.unesco.it\/it\/PatrimonioImmateriale\/Detail\/383\">2013 Feste delle Grandi Macchine a Spalla elemento seriale<\/a> (comprende la Festa dei Gigli di Nola, la Varia di Palmi, la Faradda dei Candelieri di Sassari, il trasporto della <a href=\"http:\/\/lazio.cultura.gov.it\/?page_id=6828\">Macchina di Santa Rosa a Viterbo<\/a>);<\/p>\n<p>&#8211;\u00a0<a href=\"http:\/\/www.unesco.it\/it\/PatrimonioImmateriale\/Detail\/382\">2014 Vite ad alberello di Pantelleria<\/a><\/p>\n<p>&#8211;\u00a0<a href=\"http:\/\/www.unesco.it\/it\/PatrimonioImmateriale\/Detail\/381\">2016 Falconeria, elemento transnazionale (comprendente oltre all&#8217;Italia anche Emirati Arabi, Austria, \u00a0\u00a0\u00a0\u00a0Belgio, Repubblica Ceca, Francia, Germania, Ungheria, Kazakhistan, Repubblica di Corea, Mongolia, Marocco, Pakistan, Portogallo, Qatar Arabia saudita, Spagna, Repubblica Araba Siriana) Nel 2021 si sono aggiunti Croazia, Irlanda, Kirghizistan, Paesi Bassi, Polonia e Slovacchia.<\/a><\/p>\n<p>&#8211;\u00a0<a href=\"http:\/\/www.unesco.it\/it\/PatrimonioImmateriale\/Detail\/466\">2017 L&#8217;Arte del &#8220;pizzaiuolo&#8221; napoletano<\/a><\/p>\n<p>&#8211;\u00a0<a href=\"http:\/\/www.unesco.it\/it\/PatrimonioImmateriale\/Detail\/674\">2018 L&#8217;Arte dei muretti a secco, elemento transnazionale (comprendente oltre all&#8217;Italia anche Croazia, Cipro, Francia, Slovenia, Spagna e Svizzera)<\/a><\/p>\n<p>&#8211;\u00a0<a href=\"http:\/\/www.unesco.it\/it\/PatrimonioImmateriale\/Detail\/785\">2019 Perdonanza Celestiniana<\/a><\/p>\n<p>&#8211;\u00a0<a href=\"http:\/\/www.unesco.it\/it\/ItaliaNellUnesco\/Detail\/819\">2019 Alpinismo, elemento transnazionale (comprendente Italia, Francia e Svizzera)<\/a><\/p>\n<p>&#8211;\u00a0<a href=\"http:\/\/www.unesco.it\/it\/ItaliaNellUnesco\/Detail\/820\">2019 Transumanza, elemento transnazionale (comprendente Italia, Austria e Grecia)<\/a><\/p>\n<p>&#8211;\u00a0<a href=\"http:\/\/www.unesco.it\/it\/PatrimonioImmateriale\/Detail\/973\">2020 L&#8217;arte delle perle di vetro, elemento transnazionale (comprendente Italia e Francia)<\/a><\/p>\n<p>&#8211;\u00a0<a href=\"http:\/\/www.unesco.it\/it\/PatrimonioImmateriale\/Detail\/974\">2020 L\u2019arte musicale dei suonatori di corno da caccia, elemento transnazionale (comprendente, oltre all&#8217;Italia, anche Belgio, Francia e Lussemburgo)<\/a><\/p>\n<p>&#8211;\u00a0<a href=\"http:\/\/www.unesco.it\/it\/PatrimonioImmateriale\/Detail\/1370\">2021 Cerca e cavatura del tartufo in Italia: conoscenze e pratiche tradizionali<\/a><\/p>\n<p>&nbsp;<\/p>\n<p>Tra questi elementi si segnala quello seriale de <a href=\"http:\/\/lazio.cultura.gov.it\/?page_id=6828\"><em>Le macchine dei santi \u2013 Rete delle macchine a spalla<\/em><\/a>, iscritto nella Lista Rappresentativa nel 2013.<\/p>\n<p>Si tratta di processioni cattoliche che prevedono la presenza di strutture da portare a spalla, diffuse in gran parte dell\u2019Italia, ma i centri storici in cui si svolgono le manifestazioni pi\u00f9 importanti sono quattro: Nola, con una processione di otto obelischi di legno e cartapesta che commemorano il ritorno di San Paolino; Palmi, dove i portatori trasportano una complessa struttura in onore di Nostra Signora della Sacra Lettera; la Faradda dei Candelieri di legno di Sassari e , nel Lazio, la Macchina di Santa Rosa a Viterbo.<\/p>\n<p>Il trasporto di queste macchine prevede una condivisione equa e coordinata dei compiti e una collaborazione di tutta la comunit\u00e0, impegnata in uno sforzo stagionale che si ripete di anno in anno. Musicisti, cantanti, artigiani, sarti: tutti si impegnano per costruire e rivestire la struttura. Un processo che viene tramandato di generazione in generazione, per rafforzare il senso di identit\u00e0 della comunit\u00e0.<\/p>\n<p>&nbsp;<\/p>\n","protected":false},"excerpt":{"rendered":"<p>\u00a0 \u00a0 \u00a0 \u00a0 \u00a0 \u00a0 \u00a0 \u00a0 \u00a0 \u00a0 \u00a0\u00a0 Nel 2003 a Parigi \u00e8 approvata la\u00a0Convenzione per la Salvaguardia del patrimonio culturale immateriale, che [&hellip;]<\/p>\n","protected":false},"author":7,"featured_media":0,"parent":0,"menu_order":0,"comment_status":"closed","ping_status":"closed","template":"","meta":{"footnotes":""},"class_list":["post-7042","page","type-page","status-publish","hentry"],"_links":{"self":[{"href":"https:\/\/lazio.cultura.gov.it\/index.php?rest_route=\/wp\/v2\/pages\/7042"}],"collection":[{"href":"https:\/\/lazio.cultura.gov.it\/index.php?rest_route=\/wp\/v2\/pages"}],"about":[{"href":"https:\/\/lazio.cultura.gov.it\/index.php?rest_route=\/wp\/v2\/types\/page"}],"author":[{"embeddable":true,"href":"https:\/\/lazio.cultura.gov.it\/index.php?rest_route=\/wp\/v2\/users\/7"}],"replies":[{"embeddable":true,"href":"https:\/\/lazio.cultura.gov.it\/index.php?rest_route=%2Fwp%2Fv2%2Fcomments&post=7042"}],"version-history":[{"count":0,"href":"https:\/\/lazio.cultura.gov.it\/index.php?rest_route=\/wp\/v2\/pages\/7042\/revisions"}],"wp:attachment":[{"href":"https:\/\/lazio.cultura.gov.it\/index.php?rest_route=%2Fwp%2Fv2%2Fmedia&parent=7042"}],"curies":[{"name":"wp","href":"https:\/\/api.w.org\/{rel}","templated":true}]}}