{"id":6978,"date":"2022-05-05T13:34:12","date_gmt":"2022-05-05T11:34:12","guid":{"rendered":"http:\/\/lazio.cultura.gov.it\/?page_id=6978"},"modified":"2022-05-05T13:34:18","modified_gmt":"2022-05-05T11:34:18","slug":"riserve-della-biosfera-foresta-demaniale-del-circeo-selva-di-circe","status":"publish","type":"page","link":"https:\/\/lazio.cultura.gov.it\/?page_id=6978","title":{"rendered":"Riserve della Biosfera &#8211; &#8220;Foresta Demaniale del Circeo&#8221; (Selva di Circe)"},"content":{"rendered":"<p>&nbsp;<\/p>\n<p>Data di Riconoscimento: DM 15 dicembre 1977<\/p>\n<p>Categoria: Parte del Parco Nazionale del Circeo sin dall&#8217;istituzione L. 285\/25.01.193<\/p>\n<p>Propriet\u00e0: Demaniale<\/p>\n<p>Gestione: Parco Nazionale del Circeo<\/p>\n<p>Stato, Provincia o Regione: Lazio, Latina<\/p>\n<p>Comune: Sabaudia<\/p>\n<p>&nbsp;<\/p>\n<p>Forma ed andamento del suo perimetro indicano l&#8217;influenza dell&#8217;azione dell&#8217;uomo nel contesto <a href=\"http:\/\/lazio.cultura.gov.it\/wp-content\/uploads\/2022\/05\/Circeo.png\"><img loading=\"lazy\" decoding=\"async\" class=\"wp-image-6979 alignleft\" src=\"http:\/\/lazio.cultura.gov.it\/wp-content\/uploads\/2022\/05\/Circeo.png\" alt=\"\" width=\"324\" height=\"243\" srcset=\"https:\/\/lazio.cultura.gov.it\/wp-content\/uploads\/2022\/05\/Circeo.png 600w, https:\/\/lazio.cultura.gov.it\/wp-content\/uploads\/2022\/05\/Circeo-300x225.png 300w, https:\/\/lazio.cultura.gov.it\/wp-content\/uploads\/2022\/05\/Circeo-195x146.png 195w, https:\/\/lazio.cultura.gov.it\/wp-content\/uploads\/2022\/05\/Circeo-50x38.png 50w, https:\/\/lazio.cultura.gov.it\/wp-content\/uploads\/2022\/05\/Circeo-100x75.png 100w\" sizes=\"(max-width: 324px) 100vw, 324px\" \/><\/a>territoriale in cui oggi la riserva si colloca. Essa, infatti, come altri ambienti naturali &#8220;relitti&#8221; appositamente protetti nel 1934 dall&#8217;istituzione del <strong>Parco del Circeo<\/strong>, costituisce testimonianza dell&#8217;antica &#8220;Selva di Terracina&#8221;, intricata foresta che, dopo la Bonifica integrale dell&#8217;Agro Pontino, ha lasciato il posto ai poderi agricoli risparmiando unicamente gli oltre 3 mila ettari della Foresta Demaniale. Oggi \u00e8 la pi\u00f9 estesa foresta planiziaria di origine naturale in Italia; vegeta su un&#8217;antica duna che alterna zone rilevate a depressioni che, perpetuando una toponomastica pre-bonifica riferita al regime idraulico paludoso, prendono il nome, rispettivamente, di piscine e lestre. Alcune di queste, per presenza di caratteristiche vicine a quelle della vecchia selva, costituiscono Riserve Naturali Integrali ad altro regime di protezione. Giacitura, tipo di suolo, abbondanza e superficialit\u00e0 della falda, (pur se con trend negativo per quantit\u00e0, profondit\u00e0 e qualit\u00e0 delle acque conseguente alla bonifica ed alla diffusione di pratiche agricole intensive nell&#8217;area circostante) determinano presenze forestali, come il cerro e la farnia, alberi comuni nella bassa fascia montana, che caratterizzano ulteriormente questa foresta. La vegetazione \u00e8 costituita da macchia mediterranea e diverse specie arboree, come pini, lecci, cerri, frassini, farnie e sughere. All&#8217;interno si trovano anche diverse aree paludose e ricostruzioni delle caratteristiche &#8220;lestre&#8221;, antichi villaggi di paglia e legno, che testimoniano il rapporto dell&#8217;uomo con il bosco, nel periodo precedente alla bonifica. Nel 2013, a seguito delle revisioni periodiche sulle riserve MaB operate dall&#8217;UNESCO, la riserva del Circeo si \u00e8 estesa fino a raggiungere i confini attuali, che comprendono i comuni di Sabaudia e San Felice Circeo e parte di quelli di Latina e Terracina.<\/p>\n<p>&nbsp;<\/p>\n<p>Vai alla scheda completa<\/p>\n<p><a href=\"http:\/\/www.unesco.org\/new\/en\/natural-sciences\/environment\/ecological-sciences\/biosphere-reserves\/europe-north-america\/italy\/\">http:\/\/www.unesco.org\/new\/en\/natural-sciences\/environment\/ecological-sciences\/biosphere-reserves\/europe-north-america\/italy\/<\/a><\/p>\n<p><a href=\"https:\/\/www.parchilazio.it\/foresta_demaniale_del_circeo-schede-18332-la_foresta_del_circeo\">https:\/\/www.parchilazio.it\/foresta_demaniale_del_circeo-schede-18332-la_foresta_del_circeo<\/a><\/p>\n<p><strong>\u00a0<\/strong><\/p>\n<p><strong>\u00a0<\/strong><\/p>\n","protected":false},"excerpt":{"rendered":"<p>&nbsp; Data di Riconoscimento: DM 15 dicembre 1977 Categoria: Parte del Parco Nazionale del Circeo sin dall&#8217;istituzione L. 285\/25.01.193 Propriet\u00e0: Demaniale Gestione: Parco Nazionale del Circeo [&hellip;]<\/p>\n","protected":false},"author":7,"featured_media":0,"parent":0,"menu_order":0,"comment_status":"closed","ping_status":"closed","template":"","meta":{"footnotes":""},"class_list":["post-6978","page","type-page","status-publish","hentry"],"_links":{"self":[{"href":"https:\/\/lazio.cultura.gov.it\/index.php?rest_route=\/wp\/v2\/pages\/6978"}],"collection":[{"href":"https:\/\/lazio.cultura.gov.it\/index.php?rest_route=\/wp\/v2\/pages"}],"about":[{"href":"https:\/\/lazio.cultura.gov.it\/index.php?rest_route=\/wp\/v2\/types\/page"}],"author":[{"embeddable":true,"href":"https:\/\/lazio.cultura.gov.it\/index.php?rest_route=\/wp\/v2\/users\/7"}],"replies":[{"embeddable":true,"href":"https:\/\/lazio.cultura.gov.it\/index.php?rest_route=%2Fwp%2Fv2%2Fcomments&post=6978"}],"version-history":[{"count":0,"href":"https:\/\/lazio.cultura.gov.it\/index.php?rest_route=\/wp\/v2\/pages\/6978\/revisions"}],"wp:attachment":[{"href":"https:\/\/lazio.cultura.gov.it\/index.php?rest_route=%2Fwp%2Fv2%2Fmedia&parent=6978"}],"curies":[{"name":"wp","href":"https:\/\/api.w.org\/{rel}","templated":true}]}}