{"id":6967,"date":"2022-05-05T09:12:55","date_gmt":"2022-05-05T07:12:55","guid":{"rendered":"http:\/\/lazio.cultura.gov.it\/?page_id=6967"},"modified":"2022-05-05T09:23:18","modified_gmt":"2022-05-05T07:23:18","slug":"programma-rete-delle-citta-creative-2004","status":"publish","type":"page","link":"https:\/\/lazio.cultura.gov.it\/?page_id=6967","title":{"rendered":"PROGRAMMA RETE DELLE CITTA\u2019 CREATIVE 2004"},"content":{"rendered":"<p>&nbsp;<\/p>\n<p>La <strong>Rete delle Citt\u00e0 Creative dell&#8217;Unesco<\/strong> \u00e8 stata creata nel 2004, per promuovere la cooperazione tra le citt\u00e0 che \u00a0hanno identificato la creativit\u00e0 come elemento \u00a0strategico per il loro sviluppo urbano sostenibile, ed \u00e8 divisa in sette aree corrispondenti ad altrettanti settori culturali (Musica, Letteratura, Artigianato e Arte Popolare, Design, Gastronomia, Cinema).<\/p>\n<p>La Rete delle Citt\u00e0 Creative ha tra i suoi obiettivi quello di funzionare come laboratorio di idee e di esperienze innovative tese a valorizzare il potenziale di cultura e creativit\u00e0 per lo sviluppo urbano sostenibile.<\/p>\n<p>Le citt\u00e0 che fanno parte della rete, collaborano allo sviluppo delle imprese che operano nell\u2019ambito dell\u2019industria creativa e culturale, nell\u2019ampliamento della partecipazione delle persone alla vita culturale e nell\u2019integrazione della cultura nelle politiche di sviluppo urbano sostenibile. La Rete sostiene, inoltre, gli scambi artistici e il partenariato della ricerca con le citt\u00e0 coinvolte, sia nel settore pubblico, sia in quello privato. Le Citt\u00e0 Creative contribuiscono al raggiungimento degli Obiettivi di sviluppo sostenibile dell\u2019Agenda 2030 delle Nazioni Unite.<\/p>\n<p>Attualmente in Italia le Citt\u00e0 Creative sono 13 e, tra queste, Roma \u00a0designata l\u201911 dicembre 2015 \u201c<em>Unesco City of Film<\/em>\u201d.<\/p>\n<p>&nbsp;<\/p>\n<p><a href=\"http:\/\/lazio.cultura.gov.it\/wp-content\/uploads\/2022\/05\/Citta-del-Cinema2.jpg\"><img loading=\"lazy\" decoding=\"async\" class=\" wp-image-6897 aligncenter\" src=\"http:\/\/lazio.cultura.gov.it\/wp-content\/uploads\/2022\/05\/Citta-del-Cinema2.jpg\" alt=\"\" width=\"346\" height=\"264\" srcset=\"https:\/\/lazio.cultura.gov.it\/wp-content\/uploads\/2022\/05\/Citta-del-Cinema2.jpg 257w, https:\/\/lazio.cultura.gov.it\/wp-content\/uploads\/2022\/05\/Citta-del-Cinema2-191x146.jpg 191w, https:\/\/lazio.cultura.gov.it\/wp-content\/uploads\/2022\/05\/Citta-del-Cinema2-50x38.jpg 50w, https:\/\/lazio.cultura.gov.it\/wp-content\/uploads\/2022\/05\/Citta-del-Cinema2-98x75.jpg 98w\" sizes=\"(max-width: 346px) 100vw, 346px\" \/>\u00a0 \u00a0 \u00a0 \u00a0 \u00a0 \u00a0 \u00a0 \u00a0 \u00a0 \u00a0 \u00a0 \u00a0 \u00a0 \u00a0 \u00a0 \u00a0 \u00a0 \u00a0 \u00a0<\/a><\/p>\n<p><strong>\u00a0 \u00a0 \u00a0 \u00a0 \u00a0 \u00a0 \u00a0 \u00a0 \u00a0 \u00a0 \u00a0 \u00a0 \u00a0 \u00a0 \u00a0 \u00a0 \u00a0 \u00a0 \u00a0 \u00a0 \u00a0 \u00a0 \u00a0 \u00a0 \u00a0 \u00a0 \u00a0 \u00a0 \u00a0 \u00a0 \u00a0 \u00a0 \u00a0 \u00a0 \u00a0 \u00a0 \u00a0 <a href=\"http:\/\/lazio.cultura.gov.it\/?page_id=6894\">Clicca qui per avere maggiori informazioni su Roma Citt\u00e0 del Cinema<\/a><\/strong><\/p>\n<p>&nbsp;<\/p>\n","protected":false},"excerpt":{"rendered":"<p>&nbsp; La Rete delle Citt\u00e0 Creative dell&#8217;Unesco \u00e8 stata creata nel 2004, per promuovere la cooperazione tra le citt\u00e0 che \u00a0hanno identificato la creativit\u00e0 come elemento [&hellip;]<\/p>\n","protected":false},"author":7,"featured_media":0,"parent":0,"menu_order":0,"comment_status":"closed","ping_status":"closed","template":"","meta":{"footnotes":""},"class_list":["post-6967","page","type-page","status-publish","hentry"],"_links":{"self":[{"href":"https:\/\/lazio.cultura.gov.it\/index.php?rest_route=\/wp\/v2\/pages\/6967"}],"collection":[{"href":"https:\/\/lazio.cultura.gov.it\/index.php?rest_route=\/wp\/v2\/pages"}],"about":[{"href":"https:\/\/lazio.cultura.gov.it\/index.php?rest_route=\/wp\/v2\/types\/page"}],"author":[{"embeddable":true,"href":"https:\/\/lazio.cultura.gov.it\/index.php?rest_route=\/wp\/v2\/users\/7"}],"replies":[{"embeddable":true,"href":"https:\/\/lazio.cultura.gov.it\/index.php?rest_route=%2Fwp%2Fv2%2Fcomments&post=6967"}],"version-history":[{"count":0,"href":"https:\/\/lazio.cultura.gov.it\/index.php?rest_route=\/wp\/v2\/pages\/6967\/revisions"}],"wp:attachment":[{"href":"https:\/\/lazio.cultura.gov.it\/index.php?rest_route=%2Fwp%2Fv2%2Fmedia&parent=6967"}],"curies":[{"name":"wp","href":"https:\/\/api.w.org\/{rel}","templated":true}]}}