{"id":6921,"date":"2022-05-02T11:07:12","date_gmt":"2022-05-02T09:07:12","guid":{"rendered":"http:\/\/lazio.cultura.gov.it\/?page_id=6921"},"modified":"2022-05-16T17:07:45","modified_gmt":"2022-05-16T15:07:45","slug":"la-via-francigena-in-italia","status":"publish","type":"page","link":"https:\/\/lazio.cultura.gov.it\/?page_id=6921","title":{"rendered":"La Via Francigena in Italia"},"content":{"rendered":"<p>&nbsp;<\/p>\n<p>Data di presentazione: 31\/01\/2019<\/p>\n<p>Categoria: culturale<\/p>\n<p>Presentata da: Delegazione permanente dell\u2019Italia all\u2019Unesco<\/p>\n<p>Stato, Provincia o Regione: Regioni Lazio, Toscana, Liguria, Emilia Romagna, Lombardia, Piemonte, Valle d\u2019Aosta.<\/p>\n<p>Ref.. 6382<\/p>\n<p>&nbsp;<\/p>\n<p>La <strong>Via Francigena<\/strong>, gi\u00e0 riconosciuta nel 1994 dal Consiglio d\u2019Europa come itinerario culturale, \u00e8 una via percorsa dai pellegrini che, nel medioevo, si recavano dai paesi d&#8217;oltralpe occidentali (terra dei Franchi) a Roma, una delle tre mete di pellegrinaggio maggiori insieme a Santiago de Compostela e Gerusalemme. Risalente all&#8217;epoca longobarda, questa strada non era costruita da un unico sentiero ma da un &#8220;fascio di strade&#8221;, cio\u00e8 da una rete di strade che convergevano in corrispondenza di incroci o punti di passaggio obbligati. In Italia si sviluppa con un&#8217;estensione lineare complessiva di circa 1200 km, attraverso sette Regioni (Valle d&#8217;Aosta, Piemonte, Lombardia, Liguria, Emilia Romagna, Toscana e Lazio).<\/p>\n<p>Nel Lazio si distinguono tre tratti con caratteristiche diverse:<\/p>\n<ul>\n<li>il tratto da Radicofani a Viterbo, con percorsi per lo pi\u00f9 appartenenti alla Cassia Antica che attraversano centri medievali di Acquapendente, Bolsena, Montefiascone e Viterbo (oltre ai numerosi resti delle antiche vie romane);<\/li>\n<li>il tratto della variante Cimina tra Viterbo e Roma, costituito da un sentiero della Cassia romana verso i Monti Cimini e il suo bosco;<\/li>\n<li>l&#8217;ultimo tratto verso Roma, pi\u00f9 antico del &#8220;Cimino&#8221; e in gran parte coincidente con quello della Cassia romana, segnato dall&#8217;incrocio di Capranica e Sutri e la valle del Baccano; e infine e l&#8217;arrivo nel centro di Roma attraverso la Via Trionfale ei suoi principali luoghi di culto e di ospitalit\u00e0.<\/li>\n<\/ul>\n<p>La prima fase della candidatura &#8211; con la quale lo Stato evidenzia al World Heritage Center-WHC i motivi dell\u2019iscrizione nella Lista del Patrimonio Mondiale &#8211; si \u00e8 conclusa nel 2019 con l\u2019iscrizione nella Tentative List nazionale. La seconda fase, finalizzata alla definizione dello studio di fattibilit\u00e0 europeo della candidatura che coinvolge Inghilterra, Francia, Svizzera, Italia e Santa Sede, All\u2019interno di questo studio, sar\u00e0 sviluppata una strategia di candidatura della Via Francigena comprendente una proposta generale dell\u2019intero itinerario che vedr\u00e0 la possibilit\u00e0 di candidatura individuale in tempi diversi nella Lista del Patrimonio Mondiale, lasciando comunque indiscusso il valore universale della Via.<\/p>\n<p><strong>Valori del Consiglio d\u2019Europa:<\/strong> La Via Francigena \u00e8 stata una via di comunicazione che ha contribuito all&#8217;unit\u00e0 culturale dell&#8217;Europa nel Medioevo. Oggi questa via rappresenta un ponte tra le culture dell&#8217;Europa anglosassone e dell&#8217;Europa latina. In tal senso, il percorso di pellegrinaggio \u00e8 diventato metafora di un viaggio alla riscoperta delle radici dell&#8217;Europa, poich\u00e9 permette di incontrare e comprendere le diverse culture che costituiscono la nostra identit\u00e0 comune. Attualmente, \u00e8 uno dei principali <a href=\"https:\/\/www.coe.int\/it\/web\/cultural-routes\/the-via-francigena\"><strong>itinerari del Consiglio d&#8217;Europa<\/strong><\/a>\u00a0 in Italia e, in particolare, nel Lazio.<\/p>\n<p>&nbsp;<\/p>\n\r\n\t\t\t<style type='text\/css'>\r\n\t\t\t\t#gallery-1 {\r\n\t\t\t\t\tmargin: auto;\r\n\t\t\t\t}\r\n\t\t\t\t#gallery-1 .gallery-item {\r\n\t\t\t\t\tfloat: left;\r\n\t\t\t\t\tmargin-top: 10px;\r\n\t\t\t\t\ttext-align: center;\r\n\t\t\t\t\twidth: 33.33%;\r\n\t\t\t\t}\r\n\t\t\t\t#gallery-1 img {\r\n\t\t\t\t\tborder: 2px solid #cfcfcf;\r\n\t\t\t\t}\r\n\t\t\t\t#gallery-1 .gallery-caption {\r\n\t\t\t\t\tmargin-left: 0;\r\n\t\t\t\t}\r\n\t\t\t\t\/* see gallery_shortcode() in wp-includes\/media.php *\/\r\n\t\t\t<\/style>\n\t\t<div id='gallery-1' class='gallery galleryid-6921 gallery-columns-3 gallery-size-thumbnail '><dl class='gallery-item'>\r\n\t\t\t\t<dt class='gallery-icon portrait'>\r\n\t\t\t\t\t<a href='https:\/\/lazio.cultura.gov.it\/?attachment_id=6922'><img loading=\"lazy\" decoding=\"async\" width=\"150\" height=\"150\" src=\"https:\/\/lazio.cultura.gov.it\/wp-content\/uploads\/2022\/05\/Francigena1-150x150.png\" class=\"attachment-thumbnail size-thumbnail\" alt=\"\" srcset=\"https:\/\/lazio.cultura.gov.it\/wp-content\/uploads\/2022\/05\/Francigena1-150x150.png 150w, https:\/\/lazio.cultura.gov.it\/wp-content\/uploads\/2022\/05\/Francigena1-85x85.png 85w, https:\/\/lazio.cultura.gov.it\/wp-content\/uploads\/2022\/05\/Francigena1-80x80.png 80w\" sizes=\"(max-width: 150px) 100vw, 150px\" \/><\/a>\r\n\t\t\t\t<\/dt><\/dl><dl class='gallery-item'>\r\n\t\t\t\t<dt class='gallery-icon portrait'>\r\n\t\t\t\t\t<a href='https:\/\/lazio.cultura.gov.it\/?attachment_id=6923'><img loading=\"lazy\" decoding=\"async\" width=\"150\" height=\"150\" src=\"https:\/\/lazio.cultura.gov.it\/wp-content\/uploads\/2022\/05\/francigena3-150x150.png\" class=\"attachment-thumbnail size-thumbnail\" alt=\"\" srcset=\"https:\/\/lazio.cultura.gov.it\/wp-content\/uploads\/2022\/05\/francigena3-150x150.png 150w, https:\/\/lazio.cultura.gov.it\/wp-content\/uploads\/2022\/05\/francigena3-85x85.png 85w, https:\/\/lazio.cultura.gov.it\/wp-content\/uploads\/2022\/05\/francigena3-80x80.png 80w\" sizes=\"(max-width: 150px) 100vw, 150px\" \/><\/a>\r\n\t\t\t\t<\/dt><\/dl><dl class='gallery-item'>\r\n\t\t\t\t<dt class='gallery-icon landscape'>\r\n\t\t\t\t\t<a href='https:\/\/lazio.cultura.gov.it\/?attachment_id=6924'><img loading=\"lazy\" decoding=\"async\" width=\"150\" height=\"150\" src=\"https:\/\/lazio.cultura.gov.it\/wp-content\/uploads\/2022\/05\/Francigena4-150x150.png\" class=\"attachment-thumbnail size-thumbnail\" alt=\"\" srcset=\"https:\/\/lazio.cultura.gov.it\/wp-content\/uploads\/2022\/05\/Francigena4-150x150.png 150w, https:\/\/lazio.cultura.gov.it\/wp-content\/uploads\/2022\/05\/Francigena4-85x85.png 85w, https:\/\/lazio.cultura.gov.it\/wp-content\/uploads\/2022\/05\/Francigena4-80x80.png 80w, https:\/\/lazio.cultura.gov.it\/wp-content\/uploads\/2022\/05\/Francigena4-768x765.png 768w\" sizes=\"(max-width: 150px) 100vw, 150px\" \/><\/a>\r\n\t\t\t\t<\/dt><\/dl><br style=\"clear: both\" \/><dl class='gallery-item'>\r\n\t\t\t\t<dt class='gallery-icon portrait'>\r\n\t\t\t\t\t<a href='https:\/\/lazio.cultura.gov.it\/?attachment_id=6925'><img loading=\"lazy\" decoding=\"async\" width=\"150\" height=\"150\" src=\"https:\/\/lazio.cultura.gov.it\/wp-content\/uploads\/2022\/05\/Francigena5-150x150.png\" class=\"attachment-thumbnail size-thumbnail\" alt=\"\" srcset=\"https:\/\/lazio.cultura.gov.it\/wp-content\/uploads\/2022\/05\/Francigena5-150x150.png 150w, https:\/\/lazio.cultura.gov.it\/wp-content\/uploads\/2022\/05\/Francigena5-85x85.png 85w, https:\/\/lazio.cultura.gov.it\/wp-content\/uploads\/2022\/05\/Francigena5-80x80.png 80w\" sizes=\"(max-width: 150px) 100vw, 150px\" \/><\/a>\r\n\t\t\t\t<\/dt><\/dl>\r\n\t\t\t\t<br style='clear: both' \/>\r\n\t\t\t<\/div>\n\n<p>&nbsp;<\/p>\n<p>Vai alla scheda completa<\/p>\n<p><a href=\"https:\/\/whc.unesco.org\/en\/tentativelists\/6382\/\">https:\/\/whc.unesco.org\/en\/tentativelists\/6382\/<\/a><\/p>\n<p>&nbsp;<\/p>\n","protected":false},"excerpt":{"rendered":"<p>&nbsp; Data di presentazione: 31\/01\/2019 Categoria: culturale Presentata da: Delegazione permanente dell\u2019Italia all\u2019Unesco Stato, Provincia o Regione: Regioni Lazio, Toscana, Liguria, Emilia Romagna, Lombardia, Piemonte, Valle [&hellip;]<\/p>\n","protected":false},"author":7,"featured_media":0,"parent":0,"menu_order":0,"comment_status":"closed","ping_status":"closed","template":"","meta":{"footnotes":""},"class_list":["post-6921","page","type-page","status-publish","hentry"],"_links":{"self":[{"href":"https:\/\/lazio.cultura.gov.it\/index.php?rest_route=\/wp\/v2\/pages\/6921"}],"collection":[{"href":"https:\/\/lazio.cultura.gov.it\/index.php?rest_route=\/wp\/v2\/pages"}],"about":[{"href":"https:\/\/lazio.cultura.gov.it\/index.php?rest_route=\/wp\/v2\/types\/page"}],"author":[{"embeddable":true,"href":"https:\/\/lazio.cultura.gov.it\/index.php?rest_route=\/wp\/v2\/users\/7"}],"replies":[{"embeddable":true,"href":"https:\/\/lazio.cultura.gov.it\/index.php?rest_route=%2Fwp%2Fv2%2Fcomments&post=6921"}],"version-history":[{"count":0,"href":"https:\/\/lazio.cultura.gov.it\/index.php?rest_route=\/wp\/v2\/pages\/6921\/revisions"}],"wp:attachment":[{"href":"https:\/\/lazio.cultura.gov.it\/index.php?rest_route=%2Fwp%2Fv2%2Fmedia&parent=6921"}],"curies":[{"name":"wp","href":"https:\/\/api.w.org\/{rel}","templated":true}]}}