{"id":6916,"date":"2022-05-02T10:56:48","date_gmt":"2022-05-02T08:56:48","guid":{"rendered":"http:\/\/lazio.cultura.gov.it\/?page_id=6916"},"modified":"2022-05-02T11:31:38","modified_gmt":"2022-05-02T09:31:38","slug":"valle-dellaniene-e-villa-gregoriana","status":"publish","type":"page","link":"https:\/\/lazio.cultura.gov.it\/?page_id=6916","title":{"rendered":"Valle dell&#8217;Aniene e Villa Gregoriana"},"content":{"rendered":"<p>&nbsp;<\/p>\n<p>Data di presentazione: 01\/06\/2006<\/p>\n<p>Categoria: culturale<\/p>\n<p>Presentata da: Ministero della Cultura<\/p>\n<p>Stato, Provincia o Regione: Lazio, Roma<\/p>\n<p>Ref.. 5008<\/p>\n<p>&nbsp;<\/p>\n<p>La <strong>Valle dell\u2019Aniene<\/strong> e la <strong>Villa Gregoriana<\/strong> ben rappresentano il rapporto tra Uomo e Natura dall&#8217;antichit\u00e0 ai giorni nostri, testimoniando un percorso, attraverso i vari periodi storici, dove queste <a href=\"http:\/\/lazio.cultura.gov.it\/wp-content\/uploads\/2022\/05\/Valle-dellAniene.png\"><img loading=\"lazy\" decoding=\"async\" class=\"size-full wp-image-6917 alignleft\" src=\"http:\/\/lazio.cultura.gov.it\/wp-content\/uploads\/2022\/05\/Valle-dellAniene.png\" alt=\"\" width=\"299\" height=\"281\" srcset=\"https:\/\/lazio.cultura.gov.it\/wp-content\/uploads\/2022\/05\/Valle-dellAniene.png 299w, https:\/\/lazio.cultura.gov.it\/wp-content\/uploads\/2022\/05\/Valle-dellAniene-155x146.png 155w, https:\/\/lazio.cultura.gov.it\/wp-content\/uploads\/2022\/05\/Valle-dellAniene-50x47.png 50w, https:\/\/lazio.cultura.gov.it\/wp-content\/uploads\/2022\/05\/Valle-dellAniene-80x75.png 80w\" sizes=\"(max-width: 299px) 100vw, 299px\" \/><\/a>strutture si pongono quali esempi significativi dei diversi modi in cui l&#8217;uomo ha interagito con il paesaggio naturale, creando un&#8217;interazione tra architettura e natura che, dal filellenismo espresso nella concezione di Villa Adriana, attraverso il manierismo del giardino all&#8217;italiana di Villa d&#8217;Este, culmina nel sentimento del Sublime nella Natura espresso nel parco di Villa Gregoriana, con un&#8217;unicit\u00e0 gi\u00e0 riconosciuta dai viaggiatori del Grand Tour. Infatti il territorio tiburtino, per la ricchezza delle sue acque e la particolare conformazione geomorfologica della Valle dell\u2019Aniene era frequentata gi\u00e0 in tempi antichissimi, come dimostrano i numerosi resti degli insediamenti del paleolitico superiore nelle grotte presso Ponte Lucano. La stessa citt\u00e0 di Tivoli sorse proprio su uno sperone di roccia in un punto di passaggio obbligatorio per gli scambi tra le popolazioni romane e sannite. Il fiume Aniene, con la sua abbondanza di acque \u00e8 stato usato fin dall\u2019antichit\u00e0 per alimentare gli acquedotti romani e per il trasporto del travertino, ma le periodiche disastrose alluvioni spinsero papa Gregorio XVI alla realizzazione di uno spettacolare progetto che devi\u00f2 il corso del fiume Aniene e il punto di caduta delle acque pi\u00f9 lontano dalla citt\u00e0 di Tivoli. La zona immediatamente al di sotto dell&#8217;antica Acropoli, il vecchio alveo del fiume e le ripide pareti che lo delimitavano sono state utilizzate per creare una passeggiata tra formazioni calcaree, grotte, gole e resti archeologici, in una mirabile sintesi di paesaggio naturale e artificiale che \u00e8 la Villa Gregoriana.<\/p>\n<p>&nbsp;<\/p>\n<p>Vai alla scheda completa<\/p>\n<p><a href=\"https:\/\/whc.unesco.org\/en\/tentativelists\/5008\/\">https:\/\/whc.unesco.org\/en\/tentativelists\/5008\/<\/a><\/p>\n<p><strong>\u00a0<\/strong><\/p>\n","protected":false},"excerpt":{"rendered":"<p>&nbsp; Data di presentazione: 01\/06\/2006 Categoria: culturale Presentata da: Ministero della Cultura Stato, Provincia o Regione: Lazio, Roma Ref.. 5008 &nbsp; La Valle dell\u2019Aniene e la [&hellip;]<\/p>\n","protected":false},"author":7,"featured_media":0,"parent":0,"menu_order":0,"comment_status":"closed","ping_status":"closed","template":"","meta":{"footnotes":""},"class_list":["post-6916","page","type-page","status-publish","hentry"],"_links":{"self":[{"href":"https:\/\/lazio.cultura.gov.it\/index.php?rest_route=\/wp\/v2\/pages\/6916"}],"collection":[{"href":"https:\/\/lazio.cultura.gov.it\/index.php?rest_route=\/wp\/v2\/pages"}],"about":[{"href":"https:\/\/lazio.cultura.gov.it\/index.php?rest_route=\/wp\/v2\/types\/page"}],"author":[{"embeddable":true,"href":"https:\/\/lazio.cultura.gov.it\/index.php?rest_route=\/wp\/v2\/users\/7"}],"replies":[{"embeddable":true,"href":"https:\/\/lazio.cultura.gov.it\/index.php?rest_route=%2Fwp%2Fv2%2Fcomments&post=6916"}],"version-history":[{"count":0,"href":"https:\/\/lazio.cultura.gov.it\/index.php?rest_route=\/wp\/v2\/pages\/6916\/revisions"}],"wp:attachment":[{"href":"https:\/\/lazio.cultura.gov.it\/index.php?rest_route=%2Fwp%2Fv2%2Fmedia&parent=6916"}],"curies":[{"name":"wp","href":"https:\/\/api.w.org\/{rel}","templated":true}]}}