{"id":6914,"date":"2022-05-02T10:50:01","date_gmt":"2022-05-02T08:50:01","guid":{"rendered":"http:\/\/lazio.cultura.gov.it\/?page_id=6914"},"modified":"2022-05-16T13:55:41","modified_gmt":"2022-05-16T11:55:41","slug":"tentative-lists","status":"publish","type":"page","link":"https:\/\/lazio.cultura.gov.it\/?page_id=6914","title":{"rendered":"Lista Propositiva italiana"},"content":{"rendered":"<p>&nbsp;<\/p>\n<p>La <strong>Lista Propositiva<\/strong> \u00e8 l\u2019elenco dei siti che, in attuazione della Convenzione, ogni Stato membro \u00e8 tenuto a presentare al Centro del Patrimonio Mondiale per segnalare i beni culturali e naturali che intende iscrivere nell\u2019arco dei successivi 5-10 anni. Periodicamente la Lista Propositiva viene aggiornata con le ulteriori richieste di iscrizione pervenute ed inviate al Centro del Patrimonio Mondiale. Costituisce di fatto il primo passo verso la candidatura, visto che l\u2019iscrizione di un sito nella Lista Propositiva da almeno un anno \u00e8 condizione necessaria per l\u2019avvio del procedimento di candidatura del sito stesso. Ogni anno vengono selezionate a livello nazionale, le proposte complete da inviare al Centro del Patrimonio Mondiale, secondo le modalit\u00e0 e con i limiti previsti dalle Linee Guida. Per i siti culturali, l\u2019organo competente al coordinamento della fase istruttoria, relativa alla verifica delle proposte pervenute, \u00e8 l\u2019Ufficio UNESCO del Ministero della Cultura (Servizio II del Segretariato Generale), che, inoltre, dirige e orienta le attivit\u00e0 tecnico-scientifiche necessarie alla predisposizione dei documenti di candidatura. In queste attivit\u00e0 \u00e8 coadiuvato a livello territoriale dai diversi Segretariati regionali, che curano i rapporti con le Regione e gli altri enti e istituzioni presenti sul territorio.<\/p>\n<p>&nbsp;<\/p>\n<p>Di seguito i <strong>siti culturali del Lazio iscritti nella Lista Propositiva italiana\u00a0<\/strong><\/p>\n<ol>\n<li>La <a href=\"http:\/\/lazio.cultura.gov.it\/?page_id=6916\">valle dell\u2019Aniene e Villa Gregoriana a Tivoli<\/a><\/li>\n<li>La<a href=\"http:\/\/lazio.cultura.gov.it\/?page_id=6919\"> Via Appia \u201cRegina Viarum\u201d<\/a><\/li>\n<li>La <a href=\"http:\/\/lazio.cultura.gov.it\/?page_id=6921\">Via Francigena in Italia<\/a><\/li>\n<li>Le<a href=\"http:\/\/lazio.cultura.gov.it\/?page_id=6927\"> ville della nobilt\u00e0 papale<\/a><\/li>\n<li>Il <a href=\"http:\/\/lazio.cultura.gov.it\/?page_id=6935\">paesaggio culturale degli insediamenti benedettini medioevali in Italia<\/a><\/li>\n<li>Il <a href=\"http:\/\/lazio.cultura.gov.it\/?page_id=6940\">paesaggio culturale di Civita di Bagnoregio<\/a><\/li>\n<\/ol>\n","protected":false},"excerpt":{"rendered":"<p>&nbsp; La Lista Propositiva \u00e8 l\u2019elenco dei siti che, in attuazione della Convenzione, ogni Stato membro \u00e8 tenuto a presentare al Centro del Patrimonio Mondiale per [&hellip;]<\/p>\n","protected":false},"author":7,"featured_media":0,"parent":0,"menu_order":0,"comment_status":"closed","ping_status":"closed","template":"","meta":{"footnotes":""},"class_list":["post-6914","page","type-page","status-publish","hentry"],"_links":{"self":[{"href":"https:\/\/lazio.cultura.gov.it\/index.php?rest_route=\/wp\/v2\/pages\/6914"}],"collection":[{"href":"https:\/\/lazio.cultura.gov.it\/index.php?rest_route=\/wp\/v2\/pages"}],"about":[{"href":"https:\/\/lazio.cultura.gov.it\/index.php?rest_route=\/wp\/v2\/types\/page"}],"author":[{"embeddable":true,"href":"https:\/\/lazio.cultura.gov.it\/index.php?rest_route=\/wp\/v2\/users\/7"}],"replies":[{"embeddable":true,"href":"https:\/\/lazio.cultura.gov.it\/index.php?rest_route=%2Fwp%2Fv2%2Fcomments&post=6914"}],"version-history":[{"count":0,"href":"https:\/\/lazio.cultura.gov.it\/index.php?rest_route=\/wp\/v2\/pages\/6914\/revisions"}],"wp:attachment":[{"href":"https:\/\/lazio.cultura.gov.it\/index.php?rest_route=%2Fwp%2Fv2%2Fmedia&parent=6914"}],"curies":[{"name":"wp","href":"https:\/\/api.w.org\/{rel}","templated":true}]}}