{"id":6859,"date":"2022-04-29T10:20:51","date_gmt":"2022-04-29T08:20:51","guid":{"rendered":"http:\/\/lazio.cultura.gov.it\/?page_id=6859"},"modified":"2022-05-05T08:45:27","modified_gmt":"2022-05-05T06:45:27","slug":"geoparchi-mondiali-unesco","status":"publish","type":"page","link":"https:\/\/lazio.cultura.gov.it\/?page_id=6859","title":{"rendered":"Geoparchi Mondiali UNESCO"},"content":{"rendered":"<p>&nbsp;<\/p>\n<div id=\"attachment_6869\" style=\"width: 1450px\" class=\"wp-caption alignnone\"><a href=\"http:\/\/lazio.cultura.gov.it\/wp-content\/uploads\/2022\/04\/Trastevere-Antica-Giudecca-22.gif\"><img loading=\"lazy\" decoding=\"async\" aria-describedby=\"caption-attachment-6869\" class=\"wp-image-6869 size-full\" src=\"http:\/\/lazio.cultura.gov.it\/wp-content\/uploads\/2022\/04\/Trastevere-Antica-Giudecca-22.gif\" alt=\"\" width=\"1440\" height=\"810\" \/><\/a><p id=\"caption-attachment-6869\" class=\"wp-caption-text\"><span style=\"font-family: 'arial black', sans-serif;\"><strong>\u00a0 \u00a0 \u00a0 \u00a0 \u00a0 \u00a0 Geoparchi d&#8217;Italia<\/strong><\/span><\/p><\/div>\n<p>&nbsp;<\/p>\n<p><strong>Geoparchi mondiali UNESCO<\/strong>\u00a0(UNESCO Global Geoparks) \u00e8 un&#8217;iniziativa che fa parte del programma chiamato\u00a0<em>International Geoscience and Geoparks Programme<\/em>\u00a0condotto dall&#8217;UNESCO\u00a0insieme all&#8217;Unione internazionale di scienze geologiche\u00a0per sostenere ed incentivare la ricerca nell&#8217;ambito delle\u00a0scienze della Terra.<\/p>\n<p>La salvaguardia e la valorizzazione del patrimonio geologico rappresentano a livello internazionale e nazionale un\u2019azione fondamentale nell\u2019ambito delle pi\u00f9 ampie politiche di pianificazione e di gestione delle risorse naturali.<\/p>\n<p>L&#8217;iniziativa \u00e8 stata ratificata dai 195 stati membri dell&#8217;UNESCO il 17 novembre 2015 in occasione della 38\u00aa conferenza generale tenutasi a\u00a0Parigi. La ratifica ha riconosciuto e ufficializzato la relazione con il\u00a0Global Geoparks Network\u00a0(GNN &#8211; Rete Mondiale dei Geoparchi) organizzazione costituitasi nel 2004 che aggrega aree geografiche che comprendono siti e paesaggi di valore geologico. Ad aprile 2019 il numero dei Geoparchi mondiali UNESCO \u00e8 147, distribuiti in 41 Paesi del mondo.<\/p>\n<p>La Convenzione sulla Protezione del Patrimonio Culturale e Naturale Mondiale (UNESCO) siglata a Parigi nel 1972 \u00a0all&#8217;articolo 2 &#8211; dedicato alla definizione del &#8220;patrimonio naturale&#8221; &#8211; cita, tra gli altri, &#8220;i monumenti naturali costituiti da formazioni fisiche oppure da gruppi di tali formazioni, le formazioni geologiche e siografiche&#8221;.<\/p>\n<p>&nbsp;<\/p>\n<p><a href=\"http:\/\/lazio.cultura.gov.it\/wp-content\/uploads\/2022\/04\/geoparchi20.png\"><img loading=\"lazy\" decoding=\"async\" class=\"size-full wp-image-6863 aligncenter\" src=\"http:\/\/lazio.cultura.gov.it\/wp-content\/uploads\/2022\/04\/geoparchi20.png\" alt=\"\" width=\"590\" height=\"260\" srcset=\"https:\/\/lazio.cultura.gov.it\/wp-content\/uploads\/2022\/04\/geoparchi20.png 590w, https:\/\/lazio.cultura.gov.it\/wp-content\/uploads\/2022\/04\/geoparchi20-300x132.png 300w, https:\/\/lazio.cultura.gov.it\/wp-content\/uploads\/2022\/04\/geoparchi20-260x115.png 260w, https:\/\/lazio.cultura.gov.it\/wp-content\/uploads\/2022\/04\/geoparchi20-50x22.png 50w, https:\/\/lazio.cultura.gov.it\/wp-content\/uploads\/2022\/04\/geoparchi20-150x66.png 150w\" sizes=\"(max-width: 590px) 100vw, 590px\" \/><\/a><\/p>\n<p>La classificazione predisposta nel 1994 dalla IUCN (The World Conservation Union) individua indirizzi per la gestione delle aree protette che dedicano particolare attenzione al patrimonio geologico.<\/p>\n<p><strong>Il Patrimonio Geologico di valore internazionale <\/strong><\/p>\n<p>Per ottenere il riconoscimento di Geoparco mondiale UNESCO, l\u2019area deve possedere un patrimonio geologico di valore internazionale, accertato da esperti accreditati, facenti parte del Gruppo di Valutazione degli UNESCO Global Geoparks. Sulla base delle ricerche condotte nei siti geologici dell\u2019area, i cui dati devono essere stati pubblicati su riviste scientifiche internazionali, i valutatori redigono un report complessivo in cui viene certificata l\u2019effettiva valenza internazionale degli stessi siti geologici.<\/p>\n<p>La cooperazione a livello mondiale \u00e8 fondamentale per la conservazione e la trasmissione al futuro dei siti, che devono obbligatoriamente aderire alla Rete Globale dei Geoparchi (GGN). Lavorando in rete, gli UNESCO Global Geoparks contribuiscono ad aumentare la conoscenza tra le diverse comunit\u00e0 e, quindi, a favorire i processi di pacifica convivenza tra i popoli.<\/p>\n<p>&nbsp;<\/p>\n<p><strong>IL PIANO DI GESTIONE<\/strong><\/p>\n<p>Gli UNESCO Global Geoparks devono essere amministrati da strutture legalmente riconosciute a livello nazionale e avere gli strumenti adeguati per il governo del territorio. L\u2019ente di gestione deve essere costituito da rappresentanti delle istituzioni e dei portatori d\u2019interesse sia locali, sia regionali.<\/p>\n<p>Essi devono possedere un piano di gestione, che definisca le strategie adottate a sostegno di un equilibrato sviluppo del territorio, nel rispetto delle necessit\u00e0 socio-economiche delle comunit\u00e0 locali, di tutela del paesaggio nel quale vivono e di mantenimento della loro identit\u00e0 culturale. Il piano di gestione deve essere esaustivo e includere la governance, le politiche di sviluppo sostenibile, le varie forme di comunicazione, la salvaguardia, le infrastrutture, le forme di finanziamento e le forme di partenariato a supporto.<\/p>\n<p>&nbsp;<\/p>\n<p><strong>La VISIBILITA\u2019<\/strong><\/p>\n<p>La \u00a0promozione dello sviluppo economico sostenibile locale passa soprattutto attraverso la valorizzazione del geoturismo, acquisito fondamentale che un UNESCO Global Geopark abbia adeguata visibilit\u00e0. Sia i visitatori, sia i residenti devono essere in grado di reperire facilmente le informazioni relative al Geoparco, che devono essere divulgate attraverso un sito web dedicato, brochure e mappe dettagliate del territorio, che mettano in relazione le caratteristiche geologiche dell\u2019area con gli altri siti.<\/p>\n<p>L\u2019Italia \u00e8 ben rappresentata nel panorama internazionale con dieci Geoparchi riconosciuti nella Rete Europea e nella Rete Globale.<br \/>\nIl ruolo che i Geoparchi italiani svolgono attualmente all\u2019interno delle reti EGN e GGN \u00e8 particolarmente significativo, sia per la quantit\u00e0 sia per la qualit\u00e0 dei territori rappresentati.<\/p>\n<p>&nbsp;<\/p>\n<p><strong><a href=\"http:\/\/lazio.cultura.gov.it\/wp-content\/uploads\/2022\/05\/Geoparchi-Mondiali-UNESCO-All.-1-1-1-1.pdf\">Geoparchi Mondiali UNESCO<\/a><\/strong><\/p>\n","protected":false},"excerpt":{"rendered":"<p>&nbsp; &nbsp; Geoparchi mondiali UNESCO\u00a0(UNESCO Global Geoparks) \u00e8 un&#8217;iniziativa che fa parte del programma chiamato\u00a0International Geoscience and Geoparks Programme\u00a0condotto dall&#8217;UNESCO\u00a0insieme all&#8217;Unione internazionale di scienze geologiche\u00a0per sostenere [&hellip;]<\/p>\n","protected":false},"author":7,"featured_media":0,"parent":0,"menu_order":0,"comment_status":"closed","ping_status":"closed","template":"","meta":{"footnotes":""},"class_list":["post-6859","page","type-page","status-publish","hentry"],"_links":{"self":[{"href":"https:\/\/lazio.cultura.gov.it\/index.php?rest_route=\/wp\/v2\/pages\/6859"}],"collection":[{"href":"https:\/\/lazio.cultura.gov.it\/index.php?rest_route=\/wp\/v2\/pages"}],"about":[{"href":"https:\/\/lazio.cultura.gov.it\/index.php?rest_route=\/wp\/v2\/types\/page"}],"author":[{"embeddable":true,"href":"https:\/\/lazio.cultura.gov.it\/index.php?rest_route=\/wp\/v2\/users\/7"}],"replies":[{"embeddable":true,"href":"https:\/\/lazio.cultura.gov.it\/index.php?rest_route=%2Fwp%2Fv2%2Fcomments&post=6859"}],"version-history":[{"count":0,"href":"https:\/\/lazio.cultura.gov.it\/index.php?rest_route=\/wp\/v2\/pages\/6859\/revisions"}],"wp:attachment":[{"href":"https:\/\/lazio.cultura.gov.it\/index.php?rest_route=%2Fwp%2Fv2%2Fmedia&parent=6859"}],"curies":[{"name":"wp","href":"https:\/\/api.w.org\/{rel}","templated":true}]}}