{"id":6684,"date":"2022-03-21T09:32:41","date_gmt":"2022-03-21T08:32:41","guid":{"rendered":"http:\/\/lazio.cultura.gov.it\/?page_id=6684"},"modified":"2022-07-25T07:47:15","modified_gmt":"2022-07-25T05:47:15","slug":"convenzione-sul-patrimonio-subacqueo-2001","status":"publish","type":"page","link":"https:\/\/lazio.cultura.gov.it\/?page_id=6684","title":{"rendered":"Convenzione sul patrimonio subacqueo (2001)"},"content":{"rendered":"<p>&nbsp;<\/p>\n<p style=\"text-align: center;\"><span style=\"font-family: 'arial black', sans-serif;\"><strong>Memorie\u00a0 dal\u00a0 sottosuolo<\/strong><\/span><\/p>\n<p>&nbsp;<\/p>\n<div id=\"attachment_6685\" style=\"width: 682px\" class=\"wp-caption aligncenter\"><a href=\"http:\/\/lazio.cultura.gov.it\/?page_id=6694\"><img loading=\"lazy\" decoding=\"async\" aria-describedby=\"caption-attachment-6685\" class=\"wp-image-6685\" src=\"http:\/\/lazio.cultura.gov.it\/wp-content\/uploads\/2022\/03\/Progetto-senza-titolo-5.gif\" alt=\"\" width=\"672\" height=\"378\" \/><\/a><p id=\"caption-attachment-6685\" class=\"wp-caption-text\"><strong>\u00a0 \u00a0 \u00a0 \u00a0 \u00a0 \u00a0 \u00a0 \u00a0 <a href=\"http:\/\/lazio.cultura.gov.it\/?page_id=6694\">Clicca qui per maggiori informazioni sulla Convenzione UNESCO del 2001<\/a><\/strong><\/p><\/div>\n<p>&nbsp;<\/p>\n<p>Il patrimonio culturale sommerso \u00e8 un&#8217;inestimabile testimonianza di stili di vita ormai scomparsi: un relitto,\u00a0cos\u00ec come una rovina sottomarina, \u00e8 una capsula del tempo che aspetta di essere aperta, dal momento che il tempo si \u00e8 fermato allorch\u00e9 la nave si \u00e8 inabissata. Nella maggior parte dei casi si tratta di testimonianze di grande portata storica e culturale.<\/p>\n<p>La\u00a0<strong>Convenzione UNESCO sulla protezione del patrimonio culturale subacqueo<\/strong>, adottata alla Conferenza generale dell&#8217; UNESCO il 2 novembre 2001, \u00e8 un importante trattato internazionale che mira alla salvaguardia di questo\u00a0 patrimonio culturale.<\/p>\n<p>Negli ultimi anni, in Italia l\u2019archeologia subacquea\u00a0 ha assunto una crescente importanza alla luce della riforma dell\u2019attuale Ministero della Cultura con l\u2019 istituzione della <strong>Soprintendenza Nazionale per il Patrimonio Culturale Subacqueo<\/strong> con sede a Taranto e alcune sedi operative a Napoli e Venezia, che si affianca al preesistente <strong>Nucleo per gli interventi di Archeologia Subacquea<\/strong> (<strong>NIAS)<\/strong>, istituito nel 1997 all\u2019interno dell\u2019Istituto Centrale del Restauro e alla <strong>Soprintendenza del Mare<\/strong> della Regione autonoma della Sicilia.<\/p>\n<p>Attraverso un\u2019attenta mappatura e valutazione dei rischi (<strong>Carta del rischio<\/strong>), sono stati sperimentati strumenti e tecniche per la <strong>conservazione <em>in situ<\/em> <\/strong>di molti manufatti antichi sommersi secondo i principi della Convenzione UNESCO del 2001. In particolare, nel Lazio il primo cantiere sperimentale si svolse a <strong>Torre Astura<\/strong> (Nettuno), gi\u00e0 dichiarata di interesse particolarmente importante ai sensi della L. 1089\/1939 e al centro di un tavolo tecnico nel 2017 tra il Segretariato Regionale per il Lazio e il Comune di Nettuno nell\u2019ambito di possibili accordi di Federalismo culturale. Qui si lavor\u00f2 al restauro di tre vasche della peschiera dell\u2019antica villa romana di Torre Astura.<\/p>\n<p>Tra i siti e i reperti di maggior interesse del patrimonio culturale subacqueo nel Lazio, oggi in gran parte musealizzati, si possono annoverare il relitto della barca da pesca con un carico di mattoni naufragata a largo dell\u2019 <strong>Isola Martana<\/strong>\u00a0e il <strong>sito sommerso del Gran Carro<\/strong>, entrambi\u00a0nel<strong> lago di Bolsena<\/strong> (Viterbo), le due navi imperiali romane di Caligola recuperate in fondo al lago di Nemi e distrutte da un incendio nel 1944 fino alla scoperta del <strong>villaggio preistorico \u201cLa Marmotta\u201d<\/strong> sommerso nel lago di Bracciano nel territorio di Anguillara Sabazia. Molti reperti di questo antico villaggio neolitico sono oggi conservati nel <strong>Muciv<\/strong> \u2013 <strong>Museo delle Civilt\u00e0<\/strong> di Roma all&#8217; Eur.<\/p>\n","protected":false},"excerpt":{"rendered":"<p>&nbsp; Memorie\u00a0 dal\u00a0 sottosuolo &nbsp; &nbsp; Il patrimonio culturale sommerso \u00e8 un&#8217;inestimabile testimonianza di stili di vita ormai scomparsi: un relitto,\u00a0cos\u00ec come una rovina sottomarina, \u00e8 [&hellip;]<\/p>\n","protected":false},"author":7,"featured_media":0,"parent":0,"menu_order":0,"comment_status":"closed","ping_status":"closed","template":"","meta":{"footnotes":""},"class_list":["post-6684","page","type-page","status-publish","hentry"],"_links":{"self":[{"href":"https:\/\/lazio.cultura.gov.it\/index.php?rest_route=\/wp\/v2\/pages\/6684"}],"collection":[{"href":"https:\/\/lazio.cultura.gov.it\/index.php?rest_route=\/wp\/v2\/pages"}],"about":[{"href":"https:\/\/lazio.cultura.gov.it\/index.php?rest_route=\/wp\/v2\/types\/page"}],"author":[{"embeddable":true,"href":"https:\/\/lazio.cultura.gov.it\/index.php?rest_route=\/wp\/v2\/users\/7"}],"replies":[{"embeddable":true,"href":"https:\/\/lazio.cultura.gov.it\/index.php?rest_route=%2Fwp%2Fv2%2Fcomments&post=6684"}],"version-history":[{"count":0,"href":"https:\/\/lazio.cultura.gov.it\/index.php?rest_route=\/wp\/v2\/pages\/6684\/revisions"}],"wp:attachment":[{"href":"https:\/\/lazio.cultura.gov.it\/index.php?rest_route=%2Fwp%2Fv2%2Fmedia&parent=6684"}],"curies":[{"name":"wp","href":"https:\/\/api.w.org\/{rel}","templated":true}]}}