{"id":5699,"date":"2021-04-19T15:25:55","date_gmt":"2021-04-19T13:25:55","guid":{"rendered":"http:\/\/lazio.cultura.gov.it\/?page_id=5699"},"modified":"2025-10-02T18:02:08","modified_gmt":"2025-10-02T16:02:08","slug":"siti-unesco-del-lazio","status":"publish","type":"page","link":"https:\/\/lazio.cultura.gov.it\/?page_id=5699","title":{"rendered":"Siti del Patrimonio Mondiale dell&#8217;Umanit\u00e0 nel Lazio"},"content":{"rendered":"<p style=\"text-align: justify;\">\u00a0Il <strong>Segretariato Regionale per il Lazio<\/strong> cura i rapporti del Ministero della Cultura\u00a0 e\u00a0 delle\u00a0 strutture\u00a0 periferiche\u00a0 con\u00a0 la Regione,\u00a0 gli\u00a0 enti\u00a0 locali\u00a0 e\u00a0 le\u00a0 altre istituzioni\u00a0 presenti\u00a0 nel territorio, in collaborazione con\u00a0 il <a href=\"https:\/\/www.unesco.beniculturali.it\/\"><strong>Segretariato Generale<\/strong> <strong>del MIC, servizio II &#8211; Ufficio UNESCO<\/strong><\/a> nel coordinamento degli uffici periferici e nei rapporti con le amministrazioni territoriali.<\/p>\n<p>L\u2019Italia entra a far parte dell\u2019UNESCO il 27 gennaio 1948, con il deposito a Londra dello strumento di ratifica dell\u2019Atto costitutivo dell\u2019Organizzazione da parte del nostro Governo e, nel 1950, \u00e8 istituita la <strong>Commissione Nazionale Italiana per l\u2019UNESCO<\/strong> (CNI), organismo ufficiale di raccordo permanente tra il Governo italiano e l\u2019UNESCO, con lo scopo di favorire la promozione, il collegamento, l\u2019informazione, la consultazione e l\u2019esecuzione dei programmi dell\u2019Organizzazione delle Nazioni Unite per l\u2019educazione la scienza e la cultura.\u00a0 Il CNI opera presso il Ministero degli Affari Esteri e si occupa di promuovere, informare, consultare ed eseguire i programmi e le direttive dell\u2019UNESCO sul territorio italiano. Link www.unesco.it<\/p>\n<p>Le attivit\u00e0 di collaborazione condotte dal Segretariato Regionale riguardano la redazione dei Dossier di candidatura e dei<a href=\"http:\/\/lazio.cultura.gov.it\/?page_id=5695\"><strong> Piani di Gestione<\/strong><\/a> dei siti del Lazio di cui \u00e8 proposta l\u2019iscrizione nella lista del Patrimonio Mondiale; le attivit\u00e0 di tutela e valorizzazione dei Siti gi\u00e0 iscritti e l\u2019aggiornamento dei Piani di Gestione ed il loro monitoraggio.<\/p>\n<p style=\"text-align: justify;\">I Piani di Gestione sono uno <strong>strumento capace di promuovere<\/strong><strong>\u00a0<\/strong><strong>progetti<\/strong> di tutela e valorizzazione coordinati e condivisi dai vari soggetti e realt\u00e0 operanti nel territorio, che contribuiscono alla salvaguardia del sito e a favorire l\u2019ottimizzazione delle risorse e la razionalizzazione degli investimenti economici. Ai Piani di Gestione afferiscono, quindi, in un approccio olistico, diverse \u00a0tematiche, come ad esempio (nel caso di una citt\u00e0) \u00a0la conservazione dei monumenti, la gestione del territorio e dei flussi turistici, l\u2019organizzazione della mobilit\u00e0, del commercio e dell\u2019artigianato locale e qualsiasi aspetto della vita culturale e sociale cittadina.<\/p>\n<p style=\"text-align: justify;\">Ad oggi, il Segretariato Regionale del Ministero della Cultura per il Lazio partecipa, insieme alle competenti Soprintendenze e ad altri soggetti istituzionali interessati, alle attivit\u00e0 di redazione, aggiornamento e monitoraggio dei Piani di Gestione\u00a0 dei seguenti Siti patrimonio dell&#8217;Umanit\u00e0:<\/p>\n<ul style=\"text-align: justify;\">\n<li><a href=\"http:\/\/lazio.cultura.gov.it\/?page_id=5701\"><strong>Sito transfrontaliero del<\/strong> <strong>Centro Storico di Roma, <\/strong><strong>le propriet\u00e0 extraterritoriali della Santa Sede nella citt\u00e0 e San Paolo fuori le Mura<\/strong><\/a>;<\/li>\n<li><a href=\"http:\/\/lazio.cultura.gov.it\/?page_id=5703\"><strong>Villa Adriana<\/strong><\/a>;<\/li>\n<li><a href=\"http:\/\/lazio.cultura.gov.it\/?page_id=5705\"><strong>Villa d\u2019 Este<\/strong><\/a>;<\/li>\n<li><a href=\"http:\/\/lazio.cultura.gov.it\/?page_id=5707\"><strong>Necropoli etrusche di Cerveteri e di Tarquinia<\/strong><\/a>.<\/li>\n<\/ul>\n<p style=\"text-align: justify;\"><strong>\u00a0<\/strong><\/p>\n<p style=\"text-align: justify;\">Ad essi si aggiungono le seguenti proposte di candidatura in corso di cui sono gi\u00e0 insediati i tavoli tecnici:<\/p>\n<ul style=\"text-align: justify;\">\n<li><a href=\"http:\/\/lazio.cultura.gov.it\/?page_id=6919\"><strong>Appia Regina Viarum<\/strong><\/a> (infrastruttura viaria): \u00e8 in corso la candidatura dell\u2019 itinerario della Via Appia per la valorizzazione dell\u2019 antico asse viario da Roma a Brindisi. Il sistema viario della Via Appia assume una rilevanza notevole nelle azioni di tutela e valorizzazione, che il Ministero sta portando avanti, anche a valere sul Piano stralcio \u201cCultura e Turismo\u201d FSC 2014 \u2013 2020- Delibera Cipe 3 del 1 maggio 2016. Nel mese di settembre 2020, si \u00e8 svolta la prima riunione di coordinamento;<\/li>\n<li><a href=\"http:\/\/lazio.cultura.gov.it\/?page_id=6935\"><strong>Candidatura UNESCO dei <\/strong><strong>Monasteri\u00a0<\/strong><strong>Benedettini <\/strong><\/a>(sito seriale trans regionale) rappresentati nel Lazio dall\u2019 Abbazia di Santa Maria di Farfa, dai Monasteri di Subiaco (Sacro Speco e Complesso di Santa Scolastica) e dall\u2019 Abbazia di Montecassino: \u201cIl paesaggio culturale degli insediamenti benedettini dell\u2019Italia medievale\u201d, che compongono un sito seriale, costituisce la testimonianza materiale pi\u00f9 rappresentativa di un fenomeno, il monachesimo benedettino, che irradiandosi dall\u2019Italia ha inciso profondamente nella crescita intellettuale e culturale, plasmando le civilt\u00e0 mediterranee del medioevo e contribuendo, sin dall\u2019et\u00e0 carolingia, allo sviluppo intellettuale, politico ed economico dell\u2019Europa moderna e alla formazione del Romanico;<\/li>\n<li><a href=\"http:\/\/lazio.cultura.gov.it\/?page_id=6921\"><strong>La Via Francigena <\/strong><\/a>(infrastruttura viaria): La Via Francigena in Italia \u00e8 la prima e pi\u00f9 importante strada che, nel Medioevo, collegava i paesi oltre le Alpi occidentali a Roma: meta principale \u2013 insieme a Gerusalemme e Santiago di Compostela \u2013 per i pellegrini che, all\u2019 epoca, viaggiavano da tutta Europa. Nel maggio 2020, si \u00e8 svolta la prima importante riunione internazionale fra i rappresentanti dei quattro Paesi della Via Francigena (Italia, Svizzera, Regno Unito, Santa Sede) organizzata dal Ministero italiano dei Beni culturali.<\/li>\n<li><a href=\"http:\/\/lazio.cultura.gov.it\/?page_id=6927\"><strong>Le Ville della nobilt\u00e0 papale<\/strong><\/a>: La campagna laziale \u00e8 ricca di dimore signorili, o ville suburbane, edificate a partire dalla seconda met\u00e0 del Cinquecento per l&#8217;alto clero e da esponenti dell&#8217;aristocrazia legati alla corte pontificia a Roma. Il particolarissimo rapporto con l&#8217;ambiente \u00e8 sicuramente l&#8217;aspetto pi\u00f9 spettacolare: il progetto di ogni villa \u00e8 stato concepito tenendo conto del paesaggio circostante.<\/li>\n<\/ul>\n<p style=\"text-align: justify;\">Questi siti sono stati inseriti nella <a href=\"http:\/\/lazio.cultura.gov.it\/?page_id=6914\"><strong>Tentative List<\/strong><\/a>, la lista propositiva nazionale italiana disponibile sul sito ufficiale dell\u2019 UNESCO:\u00a0<a href=\"http:\/\/whc.unesco.org\/en\/tentativelists\/6107\/,\u00a0\">http:\/\/whc.unesco.org\/en\/tentativelists\/6107\/,\u00a0<\/a>dove \u00e8 anche possibile consultare il documento redatto e inoltrato dall\u2019attuale Ministero della Cultura per la proposta di inserimento nella WHL.<\/p>\n<p style=\"text-align: justify;\">Di recente, il Consiglio Direttivo della Commissione Nazionale Italiana per l\u2019Unesco ha considerato e approvato la candidatura italiana del <a href=\"http:\/\/lazio.cultura.gov.it\/?page_id=6940\"><strong>Paesaggio culturale di<\/strong> <strong>Civita di Bagnoregio <\/strong><\/a>(VT),che rappresenta un esempio eccezionale di resilienza della comunit\u00e0 e di interazione umana con un ambiente ostile. Il <strong>borgo medievale<\/strong> di Civita di Bagnoregio \u00e8 stato, peraltro, dichiarato di interesse\u00a0 particolarmente importante con decreto n. 73\/2020 della <a href=\"http:\/\/lazio.cultura.gov.it\/?page_id=2853\"><strong>Commissione Regionale per il patrimonio culturale del Lazio<\/strong><\/a>. La\u00a0 candidatura di Civita di Bagnoregio sar\u00e0 presentata all\u2019 esame del Comitato del Patrimonio Mondiale nel 2022.<\/p>\n<p style=\"text-align: justify;\">\u00a0In particolare, nell&#8217;ambito del sito\u00a0 del Centro Storico di Roma, ricadono alcuni dei principali cantieri e progetti di restauro e valorizzazione condotti dalla stazione appaltante del <strong>Segretariato Regionale del MIC per il Lazio<\/strong>, nell&#8217; ottica di una rigenerazione della periferia urbana, tra i quali l&#8217; <strong>Ex Arsenale Clementino Pontificio <\/strong>(ricadente nella<a href=\"http:\/\/lazio.cultura.gov.it\/?page_id=7037\"> <strong>Buffer Zone <\/strong><\/a>, ancora in via di definizione del sito UNESCO di Roma), il <strong>Convento\u00a0<\/strong>e la\u00a0<strong>Chiesa di S. Francesco a Ripa<\/strong>, e nelle immediate vicinanze del Lungotevere, la <strong>Basilica di S. Cecilia in Trastevere<\/strong> e la <strong>Casa Museo di Dante<\/strong>,\u00a0oltre ai lavori di rifunzionalizzazione e adeguamento normativo del\u00a0<strong>Complesso monumentale di S. Michele a Ripa Grande<\/strong>, sede del Segretariato Regionale per il Lazio e di altri Uffici e Direzioni del MIC.<\/p>\n\r\n\t\t\t<style type='text\/css'>\r\n\t\t\t\t#gallery-1 {\r\n\t\t\t\t\tmargin: auto;\r\n\t\t\t\t}\r\n\t\t\t\t#gallery-1 .gallery-item {\r\n\t\t\t\t\tfloat: left;\r\n\t\t\t\t\tmargin-top: 10px;\r\n\t\t\t\t\ttext-align: center;\r\n\t\t\t\t\twidth: 33.33%;\r\n\t\t\t\t}\r\n\t\t\t\t#gallery-1 img {\r\n\t\t\t\t\tborder: 2px solid #cfcfcf;\r\n\t\t\t\t}\r\n\t\t\t\t#gallery-1 .gallery-caption {\r\n\t\t\t\t\tmargin-left: 0;\r\n\t\t\t\t}\r\n\t\t\t\t\/* see gallery_shortcode() in wp-includes\/media.php *\/\r\n\t\t\t<\/style>\n\t\t<div id='gallery-1' class='gallery galleryid-5699 gallery-columns-3 gallery-size-medium '><dl class='gallery-item'>\r\n\t\t\t\t<dt class='gallery-icon landscape'>\r\n\t\t\t\t\t<a href='https:\/\/lazio.cultura.gov.it\/?attachment_id=6039'><img loading=\"lazy\" decoding=\"async\" width=\"300\" height=\"181\" src=\"https:\/\/lazio.cultura.gov.it\/wp-content\/uploads\/2021\/06\/parco_appiantica-300x181.jpg\" class=\"attachment-medium size-medium\" alt=\"\" srcset=\"https:\/\/lazio.cultura.gov.it\/wp-content\/uploads\/2021\/06\/parco_appiantica-300x181.jpg 300w, https:\/\/lazio.cultura.gov.it\/wp-content\/uploads\/2021\/06\/parco_appiantica-768x463.jpg 768w, https:\/\/lazio.cultura.gov.it\/wp-content\/uploads\/2021\/06\/parco_appiantica-242x146.jpg 242w, https:\/\/lazio.cultura.gov.it\/wp-content\/uploads\/2021\/06\/parco_appiantica-50x30.jpg 50w, https:\/\/lazio.cultura.gov.it\/wp-content\/uploads\/2021\/06\/parco_appiantica-124x75.jpg 124w, https:\/\/lazio.cultura.gov.it\/wp-content\/uploads\/2021\/06\/parco_appiantica.jpg 780w\" sizes=\"(max-width: 300px) 100vw, 300px\" \/><\/a>\r\n\t\t\t\t<\/dt>\r\n\t\t\t\t\t<dd class='wp-caption-text gallery-caption'>\r\n\t\t\t\t\tVia Appia, Regina Viarum\r\n\t\t\t\t\t<\/dd><\/dl><dl class='gallery-item'>\r\n\t\t\t\t<dt class='gallery-icon landscape'>\r\n\t\t\t\t\t<a href='https:\/\/lazio.cultura.gov.it\/?attachment_id=6040'><img loading=\"lazy\" decoding=\"async\" width=\"300\" height=\"200\" src=\"https:\/\/lazio.cultura.gov.it\/wp-content\/uploads\/2021\/06\/montecassino-300x200.jpg\" class=\"attachment-medium size-medium\" alt=\"\" srcset=\"https:\/\/lazio.cultura.gov.it\/wp-content\/uploads\/2021\/06\/montecassino-300x200.jpg 300w, https:\/\/lazio.cultura.gov.it\/wp-content\/uploads\/2021\/06\/montecassino-768x512.jpg 768w, https:\/\/lazio.cultura.gov.it\/wp-content\/uploads\/2021\/06\/montecassino-219x146.jpg 219w, https:\/\/lazio.cultura.gov.it\/wp-content\/uploads\/2021\/06\/montecassino-50x33.jpg 50w, https:\/\/lazio.cultura.gov.it\/wp-content\/uploads\/2021\/06\/montecassino-113x75.jpg 113w, https:\/\/lazio.cultura.gov.it\/wp-content\/uploads\/2021\/06\/montecassino.jpg 1024w\" sizes=\"(max-width: 300px) 100vw, 300px\" \/><\/a>\r\n\t\t\t\t<\/dt>\r\n\t\t\t\t\t<dd class='wp-caption-text gallery-caption'>\r\n\t\t\t\t\tAbbazia di Montecassino (FR)\r\n\t\t\t\t\t<\/dd><\/dl><dl class='gallery-item'>\r\n\t\t\t\t<dt class='gallery-icon landscape'>\r\n\t\t\t\t\t<a href='https:\/\/lazio.cultura.gov.it\/?attachment_id=6042'><img loading=\"lazy\" decoding=\"async\" width=\"300\" height=\"150\" src=\"https:\/\/lazio.cultura.gov.it\/wp-content\/uploads\/2021\/06\/francigena_4-1-300x150.png\" class=\"attachment-medium size-medium\" alt=\"\" srcset=\"https:\/\/lazio.cultura.gov.it\/wp-content\/uploads\/2021\/06\/francigena_4-1-300x150.png 300w, https:\/\/lazio.cultura.gov.it\/wp-content\/uploads\/2021\/06\/francigena_4-1-1024x512.png 1024w, https:\/\/lazio.cultura.gov.it\/wp-content\/uploads\/2021\/06\/francigena_4-1-768x384.png 768w, https:\/\/lazio.cultura.gov.it\/wp-content\/uploads\/2021\/06\/francigena_4-1-260x130.png 260w, https:\/\/lazio.cultura.gov.it\/wp-content\/uploads\/2021\/06\/francigena_4-1-50x25.png 50w, https:\/\/lazio.cultura.gov.it\/wp-content\/uploads\/2021\/06\/francigena_4-1-150x75.png 150w, https:\/\/lazio.cultura.gov.it\/wp-content\/uploads\/2021\/06\/francigena_4-1.png 1200w\" sizes=\"(max-width: 300px) 100vw, 300px\" \/><\/a>\r\n\t\t\t\t<\/dt>\r\n\t\t\t\t\t<dd class='wp-caption-text gallery-caption'>\r\n\t\t\t\t\tVia Francigena\r\n\t\t\t\t\t<\/dd><\/dl><br style=\"clear: both\" \/><dl class='gallery-item'>\r\n\t\t\t\t<dt class='gallery-icon portrait'>\r\n\t\t\t\t\t<a href='https:\/\/lazio.cultura.gov.it\/?attachment_id=6928'><img loading=\"lazy\" decoding=\"async\" width=\"281\" height=\"300\" src=\"https:\/\/lazio.cultura.gov.it\/wp-content\/uploads\/2022\/05\/Nobilta-papale-281x300.png\" class=\"attachment-medium size-medium\" alt=\"\" srcset=\"https:\/\/lazio.cultura.gov.it\/wp-content\/uploads\/2022\/05\/Nobilta-papale-281x300.png 281w, https:\/\/lazio.cultura.gov.it\/wp-content\/uploads\/2022\/05\/Nobilta-papale-768x818.png 768w, https:\/\/lazio.cultura.gov.it\/wp-content\/uploads\/2022\/05\/Nobilta-papale-137x146.png 137w, https:\/\/lazio.cultura.gov.it\/wp-content\/uploads\/2022\/05\/Nobilta-papale-47x50.png 47w, https:\/\/lazio.cultura.gov.it\/wp-content\/uploads\/2022\/05\/Nobilta-papale-70x75.png 70w, https:\/\/lazio.cultura.gov.it\/wp-content\/uploads\/2022\/05\/Nobilta-papale.png 776w\" sizes=\"(max-width: 281px) 100vw, 281px\" \/><\/a>\r\n\t\t\t\t<\/dt>\r\n\t\t\t\t\t<dd class='wp-caption-text gallery-caption'>\r\n\t\t\t\t\tVilla Lante Della Rovere &#8211; Bagnaia (VT)\r\n\t\t\t\t\t<\/dd><\/dl><dl class='gallery-item'>\r\n\t\t\t\t<dt class='gallery-icon landscape'>\r\n\t\t\t\t\t<a href='https:\/\/lazio.cultura.gov.it\/?attachment_id=5790'><img loading=\"lazy\" decoding=\"async\" width=\"300\" height=\"200\" src=\"https:\/\/lazio.cultura.gov.it\/wp-content\/uploads\/2021\/05\/civita-di-bagnoregio-1024x683-1-300x200.jpg\" class=\"attachment-medium size-medium\" alt=\"\" srcset=\"https:\/\/lazio.cultura.gov.it\/wp-content\/uploads\/2021\/05\/civita-di-bagnoregio-1024x683-1-300x200.jpg 300w, https:\/\/lazio.cultura.gov.it\/wp-content\/uploads\/2021\/05\/civita-di-bagnoregio-1024x683-1-768x512.jpg 768w, https:\/\/lazio.cultura.gov.it\/wp-content\/uploads\/2021\/05\/civita-di-bagnoregio-1024x683-1-219x146.jpg 219w, https:\/\/lazio.cultura.gov.it\/wp-content\/uploads\/2021\/05\/civita-di-bagnoregio-1024x683-1-50x33.jpg 50w, https:\/\/lazio.cultura.gov.it\/wp-content\/uploads\/2021\/05\/civita-di-bagnoregio-1024x683-1-112x75.jpg 112w, https:\/\/lazio.cultura.gov.it\/wp-content\/uploads\/2021\/05\/civita-di-bagnoregio-1024x683-1.jpg 1024w\" sizes=\"(max-width: 300px) 100vw, 300px\" \/><\/a>\r\n\t\t\t\t<\/dt>\r\n\t\t\t\t\t<dd class='wp-caption-text gallery-caption'>\r\n\t\t\t\t\tCivita di Bagnoregio (VT)\r\n\t\t\t\t\t<\/dd><\/dl>\r\n\t\t\t\t<br style='clear: both' \/>\r\n\t\t\t<\/div>\n\n","protected":false},"excerpt":{"rendered":"<p>\u00a0Il Segretariato Regionale per il Lazio cura i rapporti del Ministero della Cultura\u00a0 e\u00a0 delle\u00a0 strutture\u00a0 periferiche\u00a0 con\u00a0 la Regione,\u00a0 gli\u00a0 enti\u00a0 locali\u00a0 e\u00a0 le\u00a0 altre [&hellip;]<\/p>\n","protected":false},"author":4,"featured_media":0,"parent":0,"menu_order":0,"comment_status":"closed","ping_status":"closed","template":"","meta":{"footnotes":""},"class_list":["post-5699","page","type-page","status-publish","hentry"],"_links":{"self":[{"href":"https:\/\/lazio.cultura.gov.it\/index.php?rest_route=\/wp\/v2\/pages\/5699"}],"collection":[{"href":"https:\/\/lazio.cultura.gov.it\/index.php?rest_route=\/wp\/v2\/pages"}],"about":[{"href":"https:\/\/lazio.cultura.gov.it\/index.php?rest_route=\/wp\/v2\/types\/page"}],"author":[{"embeddable":true,"href":"https:\/\/lazio.cultura.gov.it\/index.php?rest_route=\/wp\/v2\/users\/4"}],"replies":[{"embeddable":true,"href":"https:\/\/lazio.cultura.gov.it\/index.php?rest_route=%2Fwp%2Fv2%2Fcomments&post=5699"}],"version-history":[{"count":1,"href":"https:\/\/lazio.cultura.gov.it\/index.php?rest_route=\/wp\/v2\/pages\/5699\/revisions"}],"predecessor-version":[{"id":9731,"href":"https:\/\/lazio.cultura.gov.it\/index.php?rest_route=\/wp\/v2\/pages\/5699\/revisions\/9731"}],"wp:attachment":[{"href":"https:\/\/lazio.cultura.gov.it\/index.php?rest_route=%2Fwp%2Fv2%2Fmedia&parent=5699"}],"curies":[{"name":"wp","href":"https:\/\/api.w.org\/{rel}","templated":true}]}}