{"id":5255,"date":"2020-12-04T08:54:04","date_gmt":"2020-12-04T07:54:04","guid":{"rendered":"http:\/\/lazio.cultura.gov.it\/?page_id=5255"},"modified":"2020-12-04T12:53:59","modified_gmt":"2020-12-04T11:53:59","slug":"piano-cultura-futuro-urbano-pianocultura-e-turismo","status":"publish","type":"page","link":"https:\/\/lazio.cultura.gov.it\/?page_id=5255","title":{"rendered":"Piano Cultura Futuro Urbano"},"content":{"rendered":"<p>&nbsp;<\/p>\n<p>&nbsp;<\/p>\n<p style=\"text-align: justify;\">Il Piano\u00a0<strong>\u201cCultura Futuro Urbano\u201d<\/strong>\u00a0\u00e8 un programma del\u00a0<strong>MiBACT<\/strong>\u00a0coordinato dalla<strong>\u00a0Direzione Generale Creativit\u00e0 Contemporanea<\/strong>\u00a0che promuove la cultura per favorire il benessere e migliorare la qualit\u00e0 della vita dei cittadini nei quartieri periferici delle citt\u00e0 metropolitane e nei capoluoghi di provincia di tutta Italia.<\/p>\n<p style=\"text-align: justify;\">Un progetto intersettoriale\u00a0 che mira a promuovere le condizioni per cui i cittadini possano coltivare i propri talenti, non solo in ambito strettamente culturale ma anche umano.<\/p>\n<p style=\"text-align: justify;\">Attraverso le azioni del Piano\u00a0<strong>Cultura Futuro Urbano\u00a0<\/strong>\u00a0&#8220;<strong>Scuola attiva la cultura&#8221;<\/strong>\u00a0e &#8220;<strong>Biblioteca casa di quartiere&#8221;<\/strong>\u00a0sono\u00a0 coinvolte scuole, biblioteche, associazioni culturali, universit\u00e0, centri di ricerca non profit, istituti di alta formazione, enti del Terzo Settore,\u00a0 investendo\u00a0 negli spazi ad uso pubblico di scuole e biblioteche per offrire nuovi servizi\u00a0 agli abitanti dei quartieri complessi. Su richiesta della Direzione Generale Creativit\u00e0 Urbana, il <strong>Segretariato Regionale per il Lazio<\/strong>, assegnatario dei fondi previsti dall\u2019art. 1, comma 140 della legge 11 dicembre 2016 n. 232, provveder\u00e0 a erogare i contributi a favore dei progetti vincitori nel Lazio previa verifica della documentazione giustificativa delle spese sostenute e la coerenza tra i giustificativi e i rendiconti.<\/p>\n<p style=\"text-align: justify;\"><strong>Con i Decreti Direttoriali n. 101 e n. 102 del 22 maggio 2020 relativi rispettivamente ai progetti &#8220;Biblioteca casa di quartiere&#8221; e &#8220;Scuola attiva la cultura&#8221;, pubblicati con le circolari della DG-AAP n. 3 e n. 4 stessa data, la scadenza per l&#8217;esecuzione dei progetti \u00e8 prorogata al 15 maggio 2021, a causa della sospensione di molte attivit\u00e0 per l&#8217; emergenza Coronavirus. La scadenza per la rendicontazione \u00e8 fissata al 15 giugno 2021<\/strong><strong>, <\/strong><strong>salvo per i progetti per i quali \u00e8 stata possibile la conclusione delle attivit\u00e0, nel rispetto delle norme sul distanziamento sociale, rendicontabili entro il 1 novembre 2020<\/strong><strong>.\u00a0<\/strong><\/p>\n<p style=\"text-align: justify;\"><strong>Per maggiori informazioni:\u00a0<\/strong><\/p>\n<p style=\"text-align: justify;\"><a href=\"http:\/\/www.aap.beniculturali.it\/Cultura_Futuro_Urbano_vincitori_2019.html\" target=\"_blank\" rel=\"noopener noreferrer\">Cultura Futuro Urbano: vincitori 2019<\/a><\/p>\n<p style=\"text-align: justify;\"><a href=\"http:\/\/www.aap.beniculturali.it\/CFU_progetto_scuola_graduatoria.html\" target=\"_blank\" rel=\"noopener noreferrer\">Cultura Futuro Urbano: progetto scuola &#8211; graduatoria<\/a><\/p>\n<p style=\"text-align: justify;\"><em><a href=\"http:\/\/lazio.cultura.gov.it\/wp-content\/uploads\/2020\/12\/Decreto-n.-101-22-maggio-2020-Biblioteca-Casa-di-Quartiere.pdf\">Decreto n. 101 22 maggio 2020 &#8211; Biblioteca Casa di Quartiere\u00a0 <\/a><\/em><\/p>\n<p style=\"text-align: justify;\"><em><a href=\"http:\/\/lazio.cultura.gov.it\/wp-content\/uploads\/2020\/12\/Decreto-n.-102-22-maggio-2020-Scuola-attiva-la-cultura.pdf\">Decreto n. 102 22 maggio 2020 &#8211; Scuola attiva la cultura<\/a><\/em><\/p>\n<p>&nbsp;<\/p>\n<p style=\"text-align: justify;\"><em>Perch\u00e9 la cultura crea bellezza.<\/em><\/p>\n<p><a href=\"http:\/\/lazio.cultura.gov.it\/wp-content\/uploads\/2020\/12\/CFU.jpg\"><img loading=\"lazy\" decoding=\"async\" class=\" wp-image-5261 alignleft\" src=\"http:\/\/lazio.cultura.gov.it\/wp-content\/uploads\/2020\/12\/CFU.jpg\" alt=\"\" width=\"156\" height=\"78\" data-wp-editing=\"1\" srcset=\"https:\/\/lazio.cultura.gov.it\/wp-content\/uploads\/2020\/12\/CFU.jpg 160w, https:\/\/lazio.cultura.gov.it\/wp-content\/uploads\/2020\/12\/CFU-50x25.jpg 50w, https:\/\/lazio.cultura.gov.it\/wp-content\/uploads\/2020\/12\/CFU-150x75.jpg 150w\" sizes=\"(max-width: 156px) 100vw, 156px\" \/><\/a>Info Cultura Futuro Urbano:<\/p>\n<ul>\n<li><a href=\"http:\/\/www.aap.beniculturali.it\/Cultura_Futuro_Urbano.html\" target=\"_blank\" rel=\"noopener noreferrer\">Direzione Generale Creativit\u00e0 Contemporanea &#8211; Piano Cultura Futuro Urbano<\/a><\/li>\n<li><a href=\"http:\/\/lazio.cultura.gov.it\/?p=3809\" target=\"_blank\" rel=\"noopener noreferrer\">Al via il Piano Cultura e Futuro Urbano<\/a><\/li>\n<li><a href=\"http:\/\/lazio.cultura.gov.it\/?p=5055\" target=\"_blank\" rel=\"noopener noreferrer\">Al via l&#8217;iniziativa #IOLEGGOPERCHE<\/a><\/li>\n<\/ul>\n","protected":false},"excerpt":{"rendered":"<p>&nbsp; &nbsp; Il Piano\u00a0\u201cCultura Futuro Urbano\u201d\u00a0\u00e8 un programma del\u00a0MiBACT\u00a0coordinato dalla\u00a0Direzione Generale Creativit\u00e0 Contemporanea\u00a0che promuove la cultura per favorire il benessere e migliorare la qualit\u00e0 della vita [&hellip;]<\/p>\n","protected":false},"author":4,"featured_media":0,"parent":0,"menu_order":0,"comment_status":"closed","ping_status":"closed","template":"","meta":{"footnotes":""},"class_list":["post-5255","page","type-page","status-publish","hentry"],"_links":{"self":[{"href":"https:\/\/lazio.cultura.gov.it\/index.php?rest_route=\/wp\/v2\/pages\/5255"}],"collection":[{"href":"https:\/\/lazio.cultura.gov.it\/index.php?rest_route=\/wp\/v2\/pages"}],"about":[{"href":"https:\/\/lazio.cultura.gov.it\/index.php?rest_route=\/wp\/v2\/types\/page"}],"author":[{"embeddable":true,"href":"https:\/\/lazio.cultura.gov.it\/index.php?rest_route=\/wp\/v2\/users\/4"}],"replies":[{"embeddable":true,"href":"https:\/\/lazio.cultura.gov.it\/index.php?rest_route=%2Fwp%2Fv2%2Fcomments&post=5255"}],"version-history":[{"count":0,"href":"https:\/\/lazio.cultura.gov.it\/index.php?rest_route=\/wp\/v2\/pages\/5255\/revisions"}],"wp:attachment":[{"href":"https:\/\/lazio.cultura.gov.it\/index.php?rest_route=%2Fwp%2Fv2%2Fmedia&parent=5255"}],"curies":[{"name":"wp","href":"https:\/\/api.w.org\/{rel}","templated":true}]}}