{"id":443,"date":"2015-08-04T14:24:32","date_gmt":"2015-08-04T12:24:32","guid":{"rendered":"http:\/\/lazio.cultura.gov.it\/?page_id=443"},"modified":"2020-11-12T17:34:39","modified_gmt":"2020-11-12T16:34:39","slug":"performance","status":"publish","type":"page","link":"https:\/\/lazio.cultura.gov.it\/?page_id=443","title":{"rendered":"Performance"},"content":{"rendered":"<p style=\"text-align: justify;\">Al fine di assicurare la qualit\u00e0, comprensibilit\u00e0 ed attendibilit\u00e0 dei documenti di rappresentazione della performance, l&#8217;organo di indirizzo politico-amministrativo definisce annualmente, entro il 31 gennaio, ai sensi dell&#8217;art. 10 e 15 del\u00a0<a title=\"Decreto Legislativo 150\/2009\" href=\"http:\/\/www.toscana.beniculturali.it\/getFile.php?id=535\">D.Lgs. 27 ottobre 2009, n.150<\/a> un documento programmatico triennale, denominato <em>Piano della performance<\/em> da adottare in coerenza con i contenuti e il ciclo della programmazione finanziaria e di bilancio, che individua gli indirizzi e gli obiettivi strategici ed operativi e definisce, con riferimento agli obiettivi finali ed intermedi ed alle risorse, gli indicatori per la misurazione e la valutazione della performance dell&#8217;amministrazione, nonch\u00e9 gli obiettivi assegnati al personale dirigenziale ed i relativi indicatori.<\/p>\n<p>\u00a0Sistema di misurazione<br \/>\n<a href=\"https:\/\/www.beniculturali.it\/piano-della-performance\">\u00a0Piano della Performance<\/a> (link al sito MiBACT)\u00a0 \u00a0 \u00a0 \u00a0 \u00a0 \u00a0 \u00a0 \u00a0 \u00a0 \u00a0 \u00a0 \u00a0 \u00a0 \u00a0 \u00a0 \u00a0 \u00a0 \u00a0 \u00a0 \u00a0 \u00a0 \u00a0 \u00a0 \u00a0 \u00a0 \u00a0 \u00a0 \u00a0 \u00a0 \u00a0 \u00a0 \u00a0 \u00a0 \u00a0 \u00a0 \u00a0 \u00a0 \u00a0 \u00a0\u00a0 \u00a0\u00a0 \u00a0\u00a0 \u00a0\u00a0 \u00a0\u00a0 \u00a0\u00a0 \u00a0\u00a0 \u00a0\u00a0 \u00a0\u00a0 \u00a0\u00a0 \u00a0\u00a0 \u00a0\u00a0 \u00a0\u00a0 \u00a0\u00a0 \u00a0\u00a0 \u00a0\u00a0 \u00a0\u00a0 \u00a0\u00a0 \u00a0\u00a0 \u00a0\u00a0 \u00a0\u00a0 \u00a0\u00a0 \u00a0\u00a0 \u00a0\u00a0 \u00a0\u00a0 \u00a0\u00a0 \u00a0\u00a0 \u00a0\u00a0 \u00a0\u00a0 \u00a0\u00a0 \u00a0<a href=\"https:\/\/www.beniculturali.it\/relazione-sulla-performance\">Relazione sulla Performance <\/a>(link al sito MiBACT)\u00a0 \u00a0 \u00a0\u00a0 \u00a0\u00a0 \u00a0\u00a0 \u00a0\u00a0 \u00a0\u00a0 \u00a0\u00a0 \u00a0 \u00a0 \u00a0 \u00a0 \u00a0 \u00a0 \u00a0 \u00a0 \u00a0 \u00a0 \u00a0 \u00a0 \u00a0 \u00a0 \u00a0 \u00a0 \u00a0 \u00a0 \u00a0 \u00a0 \u00a0 \u00a0 \u00a0 \u00a0 \u00a0 \u00a0 \u00a0 \u00a0 \u00a0 \u00a0 \u00a0 \u00a0 \u00a0 \u00a0 \u00a0 \u00a0 \u00a0 \u00a0 \u00a0 \u00a0 \u00a0 \u00a0 \u00a0 \u00a0 \u00a0 \u00a0 \u00a0 \u00a0 \u00a0 \u00a0 \u00a0 \u00a0 \u00a0 \u00a0 \u00a0 \u00a0 \u00a0 \u00a0 \u00a0 \u00a0 \u00a0 \u00a0 \u00a0 \u00a0 \u00a0 \u00a0 \u00a0 \u00a0 \u00a0 \u00a0\u00a0 \u00a0\u00a0 \u00a0\u00a0 \u00a0\u00a0 \u00a0<a href=\"https:\/\/www.beniculturali.it\/ammontare-complessivo-dei-premi\">Ammontare complessivo dei premi<\/a> (link al sito MiBACT)<br \/>\n<a href=\"https:\/\/www.beniculturali.it\/dati-relativi-ai-premi\">\u00a0Dati relativi ai premi<\/a> (link al sito MiBACT)<br \/>\n<a href=\"https:\/\/www.beniculturali.it\/benessere-organizzativo\">\u00a0Benessere organizzativo<\/a> (link al sito MiBACT)<\/p>\n<p>&nbsp;<\/p>\n","protected":false},"excerpt":{"rendered":"<p>Al fine di assicurare la qualit\u00e0, comprensibilit\u00e0 ed attendibilit\u00e0 dei documenti di rappresentazione della performance, l&#8217;organo di indirizzo politico-amministrativo definisce annualmente, entro il 31 gennaio, ai [&hellip;]<\/p>\n","protected":false},"author":5,"featured_media":0,"parent":0,"menu_order":0,"comment_status":"closed","ping_status":"closed","template":"","meta":{"footnotes":""},"class_list":["post-443","page","type-page","status-publish","hentry"],"_links":{"self":[{"href":"https:\/\/lazio.cultura.gov.it\/index.php?rest_route=\/wp\/v2\/pages\/443"}],"collection":[{"href":"https:\/\/lazio.cultura.gov.it\/index.php?rest_route=\/wp\/v2\/pages"}],"about":[{"href":"https:\/\/lazio.cultura.gov.it\/index.php?rest_route=\/wp\/v2\/types\/page"}],"author":[{"embeddable":true,"href":"https:\/\/lazio.cultura.gov.it\/index.php?rest_route=\/wp\/v2\/users\/5"}],"replies":[{"embeddable":true,"href":"https:\/\/lazio.cultura.gov.it\/index.php?rest_route=%2Fwp%2Fv2%2Fcomments&post=443"}],"version-history":[{"count":0,"href":"https:\/\/lazio.cultura.gov.it\/index.php?rest_route=\/wp\/v2\/pages\/443\/revisions"}],"wp:attachment":[{"href":"https:\/\/lazio.cultura.gov.it\/index.php?rest_route=%2Fwp%2Fv2%2Fmedia&parent=443"}],"curies":[{"name":"wp","href":"https:\/\/api.w.org\/{rel}","templated":true}]}}