{"id":3224,"date":"2018-10-15T15:14:13","date_gmt":"2018-10-15T13:14:13","guid":{"rendered":"http:\/\/lazio.cultura.gov.it\/?page_id=3224"},"modified":"2021-03-30T10:11:41","modified_gmt":"2021-03-30T08:11:41","slug":"uccn","status":"publish","type":"page","link":"https:\/\/lazio.cultura.gov.it\/?page_id=3224","title":{"rendered":"UCCN"},"content":{"rendered":"<p style=\"text-align: center;\"><strong>UCCN\u00a0 &#8211;\u00a0 UNITA\u2019\u00a0 DI\u00a0 CRISI\u00a0 NAZIONALE<\/strong><\/p>\n<p>&nbsp;<\/p>\n<p style=\"text-align: justify;\">A un sensibile incremento di eventi e calamit\u00e0 naturali ha fatto riscontro negli ultimi anni una rinnovata attenzione per il problema della gestione delle emergenze, per limitare i rischi e i danni del ricco e diversificato patrimonio culturale dislocato nelle varie regioni italiane. A tal fine, con decreto del Segretario Generale n.7 del 25 maggio 2012, il Ministero dei beni e delle attivit\u00e0 culturali ha istituito la struttura organizzativa da attivare in occasione di emergenze derivanti da calamit\u00e0 naturali per il monitoraggio e il coordinamento delle attivit\u00e0 connesse alla salvaguardia del patrimonio culturale. Tale struttura \u00e8 articolata in una \u201c<strong>Unit\u00e0 di coordinamento nazionale UCCN-MIBAC<\/strong>&#8220;, che opera presso il Segretariato Generale e nelle \u201c<strong>Unit\u00e0 di coordinamento regionale UCCR-MIBAC<\/strong>&#8220;, che operano presso i Segretariati regionali del Ministero. Con successiva direttiva datata 23 aprile 2015, relativa all\u2019 aggiornamento della direttiva 12 dicembre 2013, il Ministero ha predisposto altres\u00ec procedure e strumenti operativi finalizzati alla gestione delle attivit\u00e0 di messa in sicurezza e salvaguardia del patrimonio culturale in caso di emergenze derivanti da calamit\u00e0 naturali, a partire dal verificarsi dell\u2019 evento fino alla fase di ricostruzione e restauro del patrimonio culturale sia immobile che mobile, prevedendo il necessario coordinamento tra le articolazioni centrali e quelle periferiche del Ministero interessate e in sinergia con le strutture esterne all\u2019amministrazione deputate alla gestione delle emergenze (Comando Carabinieri TPC, Dipartimento Vigili del Fuoco, Protezione Civile, Enti locali e Prefetture). Nel caso poi di beni culturali di interesse religioso, le attivit\u00e0 sono svolte con il coinvolgimento di enti e istituzioni ecclesiastiche responsabili, ai sensi dell\u2019 Intesa del 26 gennaio 2015 e del protocollo attuativo del 4 maggio 2014, tra il Ministero e la Conferenza Episcopale Italiana (CEI). In occasione di eventi emergenziali derivanti da calamit\u00e0 naturali, la struttura operativa viene attivata dal Segretario Generale. A sua volta, l\u2019 Unit\u00e0 di coordinamento nazionale UCCN-MIBAC supporta il Segretario Generale in varie attivit\u00e0 riportate nella succitata Direttiva 23 aprile 2015. In particolare, l&#8217; UCCN-MIBAC, su disposizione del Segretario Generale, invita tempestivamente i segretari regionali interessati ad attivare la propria UCCR-MIBAC secondo le modalit\u00e0 previste nei rispettivi decreti istitutivi in relazione alla tipologia e all&#8217; estensione territoriale dell&#8217; evento, trasmettendo le informazioni ricevute dall&#8217; UCCR al Segretario Generale, che terr\u00e0 costantemente informato il Ministro e il Comitato operativo della Protezione Civile.<\/p>\n<p style=\"text-align: justify;\">Con successiva circolare n. 34\/2020 del Segretariato Generale, le competenze dell&#8217; Unit\u00e0 per la sicurezza del patrimonio culturale (UCCN-MIBACT) sono state trasferite all&#8217; attuale <strong>Direzione Generale per la sicurezza del patrimonio culturale<\/strong> in attuazione del nuovo DPCM n. 169\/2019 (<em>Regolamento di organizzazione del Ministero per i bene e le attivit\u00e0 culturali e per il turismo, degli uffici di diretta collaborazione del Ministro e dell&#8217; Organismo indipendente di valutazione della performance<\/em>), insieme ad altre attivit\u00e0 inerenti la sicurezza del patrimonio culturale, sia in regime ordinario che in occasione di eventi emergenziali.<\/p>\n<p>&nbsp;<\/p>\n<p style=\"text-align: justify;\"><a href=\"http:\/\/lazio.cultura.gov.it\/wp-content\/uploads\/2020\/11\/Istituzione-dellUnit\u00e0-di-coordinamento-nazionale-UCCN-MIBAC-Decreto-25-maggio-2012.pdf\">Decreto 25 maggio 2012 del Segretariato Generale<\/a> : Istituzione dell&#8217;Unit\u00e0 di coordinamento nazionale UCCN-MIBAC per il monitoraggio e il coordinamento delle fasi emergenziali.<\/p>\n<p style=\"text-align: justify;\"><a href=\"http:\/\/lazio.cultura.gov.it\/wp-content\/uploads\/2020\/11\/procedura-attivit\u00e0-emerg.-unit\u00e0-di-crisi-2.pdf\">Procedura per la gestione delle attivit\u00e0 emergenziali dell&#8217;Unit\u00e0 di crisi UCCR-MIBAC<\/a><\/p>\n<p style=\"text-align: justify;\"><a href=\"http:\/\/lazio.cultura.gov.it\/wp-content\/uploads\/2020\/11\/disciplinare-operativo-rilievo-danno-al-p-2.pdf\">Disciplinare operativo per il rilievo del danno al patrimonio culturale<\/a><\/p>\n<p style=\"text-align: justify;\"><a href=\"https:\/\/storico.beniculturali.it\/mibac\/export\/MiBAC\/sito-MiBAC\/MenuPrincipale\/Normativa\/Direttive\/index.html\">Direttiva 23 aprile 2015<\/a> : Aggiornamento della Direttiva 12 dicembre 2013, relativa alle \u00abProcedure per la gestione delle attivita&#8217; di messa in sicurezza e salvaguardia del patrimonio culturale in caso di emergenze derivanti da calamita&#8217; naturali\u00bb<\/p>\n<p style=\"text-align: justify;\"><a href=\"http:\/\/lazio.cultura.gov.it\/wp-content\/uploads\/2018\/10\/Circ._15_2015.pdf\" target=\"_blank\" rel=\"noopener noreferrer\">Circolare n.15\/2015<\/a> del Segretariato Generale : Disposizioni\u00a0 in\u00a0 materia\u00a0 di\u00a0 tutela del patrimonio architettonico e mitigazione del rischio sismico.<\/p>\n<p style=\"text-align: justify;\"><a href=\"http:\/\/lazio.cultura.gov.it\/wp-content\/uploads\/2018\/10\/DIRETTIVA-MACERIE-SG-17-luglio.pdf\" target=\"_blank\" rel=\"noopener noreferrer\">Direttiva 17 luglio 2017<\/a>\u00a0del Segretariato Generale : Sisma\u00a0 centro Italia \u2013\u00a0 Gestione\u00a0 macerie<\/p>\n<p style=\"text-align: justify;\"><a href=\"http:\/\/lazio.cultura.gov.it\/wp-content\/uploads\/2018\/10\/Circolare-_53_2017.pdf\" target=\"_blank\" rel=\"noopener noreferrer\">Circolare n.53\/2017<\/a>\u00a0 della\u00a0 Direzione\u00a0 Generale\u00a0 Archeologia, Belle\u00a0 Arti e Paesaggio:\u00a0 Linee\u00a0 di\u00a0 indirizzo\u00a0 metodologiche\u00a0 e\u00a0 tecniche\u00a0 per\u00a0 la\u00a0 ricostruzione\u00a0 del\u00a0 patrimonio\u00a0 culturale danneggiato\u00a0 dal\u00a0 sisma del 24\u00a0 agosto 2016<\/p>\n<p style=\"text-align: justify;\"><a href=\"http:\/\/lazio.cultura.gov.it\/wp-content\/uploads\/2020\/11\/Allegato-Circ.-n.-18_2020_Decreto-SG-del-26.03.20-1-1.pdf\">Decreto del 26 marzo 2020 n. 121<\/a>\u00a0del Segretario Generale: istituzione presso il Segretariato Generale del Coordinamento Nazionale UCCN- MiBACT e presso i Segretariati Regionali dell\u2019Unit\u00e0 di Coordinamento Regionale UCCR-MiBACT<\/p>\n<p style=\"text-align: justify;\"><a href=\"http:\/\/lazio.cultura.gov.it\/wp-content\/uploads\/2020\/11\/Circolare-DirezioneSicurezza.pdf\">Circolare n.34\/2020 <\/a>del Segretariato Generale: Direzione Generale per la sicurezza del patrimonio culturale. Trasferimento competenze della ex Unit\u00e0 per la sicurezza del patrimonio culturale<\/p>\n<p style=\"text-align: justify;\"><a href=\"http:\/\/lazio.cultura.gov.it\/wp-content\/uploads\/2021\/03\/Circolare-3_2021-DG-SPC-1.pdf\">Circolare n. 3\/2021 <\/a>della Direzione Generale per la sicurezza del patrimonio culturale: Procedure per la gestione delle attivit\u00e0 di messa in sicurezza e salvaguardia del patrimonio culturale in caso di emergenze derivanti da calamit\u00e0 naturali. Valutazione dell&#8217; impatto, censimento dei danni e rilievo dell&#8217; agibilit\u00e0 post-sisma sulle strutture pubbliche e private e sugli edifici di interesse culturale in caso di eventi emergenziali<\/p>\n<p><a href=\"http:\/\/lazio.cultura.gov.it\/wp-content\/uploads\/2021\/03\/allegato-1-sicurezza.pdf\">allegato 1\u00a0 Dipartimento della Protezione Civile<\/a><\/p>\n<p><a href=\"http:\/\/lazio.cultura.gov.it\/wp-content\/uploads\/2021\/03\/DPC-Indicazioni-operative.pdf\">allegato 2\u00a0 DPC &#8211; Indicazioni operative<\/a><\/p>\n<p>&nbsp;<\/p>\n<p><strong>Terremoto nel Centro Italia del 24 agosto 2016<\/strong><\/p>\n<p><a href=\"http:\/\/www.sabap_lazio.cultura.gov.it\/index.php?it\/21\/modulo-news\/96\/amatrice-ri-vincolato-il-complesso-del-don-minozzi\">Amatrice (RI) &#8211; Vincolato il complesso del Don Minozzi<\/a><\/p>\n<p><a href=\"https:\/\/www.beniculturali.it\/comunicato\/aiutami-a-tornare-a-posto-partecipa-al-restauro-e-alla-ricollocazione-delle-opere-danneggiate-dal-sisma-2016\">Sisma Centro Italia &#8211; Art Bonus &#8211; Iniziativa\u00a0 <em>Aiutami a tornare &#8220;a posto&#8221;<\/em><\/a><\/p>\n<p><a href=\"https:\/\/www.beniculturali.it\/comunicato\/franceschini-recovery-fund-per-sicurezza-antisismica\">Comunicato stampa- Franceschini: Recovery Fund per la sicurezza antisismica<\/a><\/p>\n","protected":false},"excerpt":{"rendered":"<p>UCCN\u00a0 &#8211;\u00a0 UNITA\u2019\u00a0 DI\u00a0 CRISI\u00a0 NAZIONALE &nbsp; A un sensibile incremento di eventi e calamit\u00e0 naturali ha fatto riscontro negli ultimi anni una rinnovata attenzione per [&hellip;]<\/p>\n","protected":false},"author":5,"featured_media":0,"parent":0,"menu_order":0,"comment_status":"closed","ping_status":"closed","template":"","meta":{"footnotes":""},"class_list":["post-3224","page","type-page","status-publish","hentry"],"_links":{"self":[{"href":"https:\/\/lazio.cultura.gov.it\/index.php?rest_route=\/wp\/v2\/pages\/3224"}],"collection":[{"href":"https:\/\/lazio.cultura.gov.it\/index.php?rest_route=\/wp\/v2\/pages"}],"about":[{"href":"https:\/\/lazio.cultura.gov.it\/index.php?rest_route=\/wp\/v2\/types\/page"}],"author":[{"embeddable":true,"href":"https:\/\/lazio.cultura.gov.it\/index.php?rest_route=\/wp\/v2\/users\/5"}],"replies":[{"embeddable":true,"href":"https:\/\/lazio.cultura.gov.it\/index.php?rest_route=%2Fwp%2Fv2%2Fcomments&post=3224"}],"version-history":[{"count":0,"href":"https:\/\/lazio.cultura.gov.it\/index.php?rest_route=\/wp\/v2\/pages\/3224\/revisions"}],"wp:attachment":[{"href":"https:\/\/lazio.cultura.gov.it\/index.php?rest_route=%2Fwp%2Fv2%2Fmedia&parent=3224"}],"curies":[{"name":"wp","href":"https:\/\/api.w.org\/{rel}","templated":true}]}}