{"id":2359,"date":"2014-11-05T14:13:25","date_gmt":"2014-11-05T14:13:25","guid":{"rendered":"http:\/\/themes.muffingroup.com\/be\/museum\/?page_id=2"},"modified":"2025-12-19T13:14:42","modified_gmt":"2025-12-19T12:14:42","slug":"home-3","status":"publish","type":"page","link":"https:\/\/lazio.cultura.gov.it\/","title":{"rendered":"Home"},"content":{"rendered":"\n<div style=\"height:37px\" aria-hidden=\"true\" class=\"wp-block-spacer\"><\/div>\n\n\n\n<h3 class=\"wp-block-heading has-text-color has-link-color wp-elements-66631bedc7e4f258c8bef814b620dbb5\" style=\"color:#00499b\">Benvenuti nel sito istituzionale della Direzione amministrativa &#8211; Soprintendenza Speciale ABAP di Roma<\/h3>\n\n\n\n<p>Il sito si propone come punto di riferimento per la conoscenza delle attivit\u00e0 della Direzione amministrativa della Soprintendenza Speciale Archeologia Belle Arti e Paesaggio di Roma ex art. 23 del DM 270\/2024, offrendo informazioni per una migliore conoscenza e fruizione del ricco e variegato patrimonio culturale, insieme alle notizie per un pi\u00f9 agevole utilizzo dei servizi amministrativi erogati dall&#8217;Istituto.<\/p>\n\n\n\n<div style=\"height:90px\" aria-hidden=\"true\" class=\"wp-block-spacer\"><\/div>\n\n\n\n<p class=\"has-text-color has-link-color wp-elements-fbe40ef9538de226d0d3349afd3f5c3c\" style=\"color:#616169;font-size:25px\">BANDI E AVVISI<\/p>\n\n\n<ul class=\"wp-block-latest-posts__list wp-block-latest-posts has-background has-white-background-color\"><li><a class=\"wp-block-latest-posts__post-title\" href=\"https:\/\/lazio.cultura.gov.it\/?p=9764\">Avviamento numerico per l\u2019assolvimento degli obblighi in materia di collocamento mirato, per la copertura delle quote di riserva disabili ex art. 3 della Legge n.68 del 1999 \u2013 Procedura di\u00a0 assunzione a mezzo Centri per l\u2019impiego del Lazio \u2013 SILD &#8211; nei ruoli del personale non dirigenziale del Ministero della Cultura, Area degli Operatori per la promozione e gestione dei servizi culturali ed educazione al patrimonio, Famiglia professionale \u201cPromozione e gestione dei servizi culturali ed educazione al patrimonio\u201d \u2013\u00a0 Convocazione del candidato Sig. SINIBALDI CRISTIAN avviato a selezione per la provincia di Rieti per l\u2019accertamento dell\u2019idoneit\u00e0,\u00a0 a seguito delle dimissioni di un neoassunto per la medesima procedura.<\/a><div class=\"wp-block-latest-posts__post-excerpt\">10 dicembre 2025 Con riferimento alla procedura assunzionale in oggetto, con nota SR-LAZ prot. n. 9141 del 05\/12\/2025, il sig. Sinibaldi Cristian, avviato a selezione per\u2026 <a class=\"wp-block-latest-posts__read-more\" href=\"https:\/\/lazio.cultura.gov.it\/?p=9764\" rel=\"noopener noreferrer\">Leggi tutto<span class=\"screen-reader-text\">: Avviamento numerico per l\u2019assolvimento degli obblighi in materia di collocamento mirato, per la copertura delle quote di riserva disabili ex art. 3 della Legge n.68 del 1999 \u2013 Procedura di\u00a0 assunzione a mezzo Centri per l\u2019impiego del Lazio \u2013 SILD &#8211; nei ruoli del personale non dirigenziale del Ministero della Cultura, Area degli Operatori per la promozione e gestione dei servizi culturali ed educazione al patrimonio, Famiglia professionale \u201cPromozione e gestione dei servizi culturali ed educazione al patrimonio\u201d \u2013\u00a0 Convocazione del candidato Sig. SINIBALDI CRISTIAN avviato a selezione per la provincia di Rieti per l\u2019accertamento dell\u2019idoneit\u00e0,\u00a0 a seguito delle dimissioni di un neoassunto per la medesima procedura.<\/span><\/a><\/div><\/li>\n<li><a class=\"wp-block-latest-posts__post-title\" href=\"https:\/\/lazio.cultura.gov.it\/?p=9699\">Avviso pubblico \u2013 Cessione gratuita di beni di propriet\u00e0\u00a0dello Stato e in uso presso il Segretariato Regionale per il Lazio<\/a><div class=\"wp-block-latest-posts__post-excerpt\">Rilevata l\u2019esistenza, presso la sede del Segretariato Regionale per il Lazio, di beni mobili e durevoli non pi\u00f9 funzionali per le esigenze dell\u2019ufficio e previa valutazione\u2026 <a class=\"wp-block-latest-posts__read-more\" href=\"https:\/\/lazio.cultura.gov.it\/?p=9699\" rel=\"noopener noreferrer\">Leggi tutto<span class=\"screen-reader-text\">: Avviso pubblico \u2013 Cessione gratuita di beni di propriet\u00e0\u00a0dello Stato e in uso presso il Segretariato Regionale per il Lazio<\/span><\/a><\/div><\/li>\n<li><a class=\"wp-block-latest-posts__post-title\" href=\"https:\/\/lazio.cultura.gov.it\/?p=9074\">Avviamento numerico per l\u2019assolvimento degli obblighi in materia di collocamento mirato, per la copertura delle quote di riserva disabili ex art. 3 della Legge n.68 del 1999 \u2013 Procedura di\u00a0 assunzione a mezzo Centri per l\u2019impiego del Lazio di n. 24 unit\u00e0 nella provincia di Roma, di n. 1 unit\u00e0 nella provincia di Viterbo e n. 1 unit\u00e0 nella provincia di Rieti, da assumere nei ruoli del personale non dirigenziale del Ministero della Cultura, Area degli Operatori per la promozione e gestione dei servizi culturali ed educazione al patrimonio, Famiglia professionale \u201cPromozione e gestione dei servizi culturali ed educazione al patrimonio\u201d &#8211;\u00a0 Convocazione dei candidati avviati a selezione per le province di Viterbo e di Rieti per l\u2019accertamento dell\u2019idoneit\u00e0 presso il Segretariato Regionale per il Lazio<\/a><div class=\"wp-block-latest-posts__post-excerpt\">27 marzo 2025 &#8211; Con riferimento alla procedura assunzionale in oggetto, con note SR-LAZ prot. nn. 2290 del 24\/03\/2025 e 2335 del 26\/03\/2025, i Sigg. Luca\u2026 <a class=\"wp-block-latest-posts__read-more\" href=\"https:\/\/lazio.cultura.gov.it\/?p=9074\" rel=\"noopener noreferrer\">Leggi tutto<span class=\"screen-reader-text\">: Avviamento numerico per l\u2019assolvimento degli obblighi in materia di collocamento mirato, per la copertura delle quote di riserva disabili ex art. 3 della Legge n.68 del 1999 \u2013 Procedura di\u00a0 assunzione a mezzo Centri per l\u2019impiego del Lazio di n. 24 unit\u00e0 nella provincia di Roma, di n. 1 unit\u00e0 nella provincia di Viterbo e n. 1 unit\u00e0 nella provincia di Rieti, da assumere nei ruoli del personale non dirigenziale del Ministero della Cultura, Area degli Operatori per la promozione e gestione dei servizi culturali ed educazione al patrimonio, Famiglia professionale \u201cPromozione e gestione dei servizi culturali ed educazione al patrimonio\u201d &#8211;\u00a0 Convocazione dei candidati avviati a selezione per le province di Viterbo e di Rieti per l\u2019accertamento dell\u2019idoneit\u00e0 presso il Segretariato Regionale per il Lazio<\/span><\/a><\/div><\/li>\n<li><a class=\"wp-block-latest-posts__post-title\" href=\"https:\/\/lazio.cultura.gov.it\/?p=8695\">Concorso pubblico, per titoli ed esami, per il reclutamento di un contingente complessivo di cinquecentodiciotto unit\u00e0 di personale non dirigenziale, a tempo pieno ed indeterminato, da inquadrare nell\u2019area III, nei ruoli del Ministero della cultura &#8211;\u00a0 Assunzione nei ruoli del MiC, Area dei Funzionari, Famiglia professionale Tecnico-specialistica per la tutela e valorizzazione del patrimonio culturale, Funzionario Architetto e Funzionario Storico dell\u2019arte &#8211; Convocazione per la sottoscrizione del contratto di lavoro.<\/a><div class=\"wp-block-latest-posts__post-excerpt\">Con riferimento alla procedura concorsuale in oggetto, con Decreti direttoriali 11 settembre 2024, rep. nn. 1542 e 1547, e con Circolari della Direzione Generale Organizzazione &#8211;\u2026 <a class=\"wp-block-latest-posts__read-more\" href=\"https:\/\/lazio.cultura.gov.it\/?p=8695\" rel=\"noopener noreferrer\">Leggi tutto<span class=\"screen-reader-text\">: Concorso pubblico, per titoli ed esami, per il reclutamento di un contingente complessivo di cinquecentodiciotto unit\u00e0 di personale non dirigenziale, a tempo pieno ed indeterminato, da inquadrare nell\u2019area III, nei ruoli del Ministero della cultura &#8211;\u00a0 Assunzione nei ruoli del MiC, Area dei Funzionari, Famiglia professionale Tecnico-specialistica per la tutela e valorizzazione del patrimonio culturale, Funzionario Architetto e Funzionario Storico dell\u2019arte &#8211; Convocazione per la sottoscrizione del contratto di lavoro.<\/span><\/a><\/div><\/li>\n<li><a class=\"wp-block-latest-posts__post-title\" href=\"https:\/\/lazio.cultura.gov.it\/?p=8642\">Concorso pubblico, per titoli ed esami, per il reclutamento di un contingente complessivo di 518 unit\u00e0 di personale non dirigenziale, a tempo pieno ed indeterminato, da inquadrare nell\u2019area III, nei ruoli del Ministero della Cultura &#8211; Assunzione nei ruoli del MiC, Area dei Funzionari, ex Area III, F1, Funzionario Archeologo<\/a><div class=\"wp-block-latest-posts__post-excerpt\">&nbsp; Con riferimento alla procedura concorsuale in oggetto, con la Circolare della Direzione Generale Organizzazione n. 102\/2024 \u00e8 stato pubblicato il Decreto direttoriale 3 luglio 2024,\u2026 <a class=\"wp-block-latest-posts__read-more\" href=\"https:\/\/lazio.cultura.gov.it\/?p=8642\" rel=\"noopener noreferrer\">Leggi tutto<span class=\"screen-reader-text\">: Concorso pubblico, per titoli ed esami, per il reclutamento di un contingente complessivo di 518 unit\u00e0 di personale non dirigenziale, a tempo pieno ed indeterminato, da inquadrare nell\u2019area III, nei ruoli del Ministero della Cultura &#8211; Assunzione nei ruoli del MiC, Area dei Funzionari, ex Area III, F1, Funzionario Archeologo<\/span><\/a><\/div><\/li>\n<li><a class=\"wp-block-latest-posts__post-title\" href=\"https:\/\/lazio.cultura.gov.it\/?p=8491\">Avviso pubblico volto alla ricognizione del personale in possesso dei requisiti di cui all\u2019articolo 20, comma 2, del D. Lgs. 25 maggio 2017, n. 75 e ss.mm.ii. -rubricato \u201cSuperamento del precariato nelle pubbliche amministrazioni\u201d<\/a><div class=\"wp-block-latest-posts__post-excerpt\">&nbsp; La Direzione Generale Organizzazione del\u00a0 Ministero della cultura ha pubblicato un avviso di ricognizione del personale in possesso dei requisiti di cui all\u2019articolo 20, comma\u2026 <a class=\"wp-block-latest-posts__read-more\" href=\"https:\/\/lazio.cultura.gov.it\/?p=8491\" rel=\"noopener noreferrer\">Leggi tutto<span class=\"screen-reader-text\">: Avviso pubblico volto alla ricognizione del personale in possesso dei requisiti di cui all\u2019articolo 20, comma 2, del D. Lgs. 25 maggio 2017, n. 75 e ss.mm.ii. -rubricato \u201cSuperamento del precariato nelle pubbliche amministrazioni\u201d<\/span><\/a><\/div><\/li>\n<\/ul>\n\n\n<div style=\"height:27px\" aria-hidden=\"true\" class=\"wp-block-spacer\"><\/div>\n\n\n\n<p class=\"has-text-color has-link-color wp-elements-3b9e55f6a2ea9b4c10cbbe5e941109ef\" style=\"color:#616169;font-size:25px\">News e iniziative<\/p>\n\n\n<ul class=\"wp-block-latest-posts__list wp-block-latest-posts has-background has-white-background-color\"><li><a class=\"wp-block-latest-posts__post-title\" href=\"https:\/\/lazio.cultura.gov.it\/?p=9751\">Roma. Casa Balla entra a far parte del Sistema Museale Nazionale<\/a><div class=\"wp-block-latest-posts__post-excerpt\">Il 14 ottobre, il Ministero della Cultura ha sottoscritto l\u2019atto ufficiale di acquisto dell\u2019abitazione-studio dell\u2019artista Giacomo Balla in via Oslavia 39B, nel quartiere Prati, dove il\u2026 <a class=\"wp-block-latest-posts__read-more\" href=\"https:\/\/lazio.cultura.gov.it\/?p=9751\" rel=\"noopener noreferrer\">Leggi tutto<span class=\"screen-reader-text\">: Roma. Casa Balla entra a far parte del Sistema Museale Nazionale<\/span><\/a><\/div><\/li>\n<li><a class=\"wp-block-latest-posts__post-title\" href=\"https:\/\/lazio.cultura.gov.it\/?p=9713\">Soprintendenza Speciale Archeologia Belle Arti e Paesaggio di Roma. Aperture straordinarie e visite guidate per le Giornate Europee del Patrimonio 2025<\/a><div class=\"wp-block-latest-posts__post-excerpt\">Il 27 e 28 settembre tornano le Giornate Europee del Patrimonio che si confermano l&#8217;evento pi\u00f9 atteso, dedicato quest\u2019anno al tema \u201cArchitetture: l\u2019arte di costruire\u201d, con\u00a0un\u2026 <a class=\"wp-block-latest-posts__read-more\" href=\"https:\/\/lazio.cultura.gov.it\/?p=9713\" rel=\"noopener noreferrer\">Leggi tutto<span class=\"screen-reader-text\">: Soprintendenza Speciale Archeologia Belle Arti e Paesaggio di Roma. Aperture straordinarie e visite guidate per le Giornate Europee del Patrimonio 2025<\/span><\/a><\/div><\/li>\n<li><a class=\"wp-block-latest-posts__post-title\" href=\"https:\/\/lazio.cultura.gov.it\/?p=9677\">Adriano Mazzoletti. Un fondo per la musica jazz riconosciuto di interesse culturale<\/a><div class=\"wp-block-latest-posts__post-excerpt\">Con decreto n. 126\/2025 della Commissione Regionale per il patrimonio culturale, su proposta della Soprintendenza archivistica e bibliografica del Lazio, il Fondo Adriano Mazzoletti \u00e8 stato\u2026 <a class=\"wp-block-latest-posts__read-more\" href=\"https:\/\/lazio.cultura.gov.it\/?p=9677\" rel=\"noopener noreferrer\">Leggi tutto<span class=\"screen-reader-text\">: Adriano Mazzoletti. Un fondo per la musica jazz riconosciuto di interesse culturale<\/span><\/a><\/div><\/li>\n<li><a class=\"wp-block-latest-posts__post-title\" href=\"https:\/\/lazio.cultura.gov.it\/?p=9610\">Roma, MUCIV \u2013 Museo delle Civilt\u00e0. Il Ciclo della Pesca di Umberto Coromaldi nell\u2019Esposizione Romana del 1911<\/a><div class=\"wp-block-latest-posts__post-excerpt\">La storia e il restauro di un&#8217;opera dimenticata, a cura di Laura d\u2019Agostino e Paola Iazurlo dell&#8217; Istituto Centrale per il Restauro Il prossimo 19 giugno\u2026 <a class=\"wp-block-latest-posts__read-more\" href=\"https:\/\/lazio.cultura.gov.it\/?p=9610\" rel=\"noopener noreferrer\">Leggi tutto<span class=\"screen-reader-text\">: Roma, MUCIV \u2013 Museo delle Civilt\u00e0. Il Ciclo della Pesca di Umberto Coromaldi nell\u2019Esposizione Romana del 1911<\/span><\/a><\/div><\/li>\n<li><a class=\"wp-block-latest-posts__post-title\" href=\"https:\/\/lazio.cultura.gov.it\/?p=9565\">Roma. Dal 14 giugno apre Palazzo San Felice, futura sede della Biblioteca di archeologia e storia dell\u2019arte<\/a><div class=\"wp-block-latest-posts__post-excerpt\">Cultura in cantiere Palazzo San Felice a Roma si prepara a diventare nuovo polo culturale nonch\u00e9 futura sede della Biblioteca di Archeologia e Storia dell\u2019Arte (BIASA).&nbsp;Convento\u2026 <a class=\"wp-block-latest-posts__read-more\" href=\"https:\/\/lazio.cultura.gov.it\/?p=9565\" rel=\"noopener noreferrer\">Leggi tutto<span class=\"screen-reader-text\">: Roma. Dal 14 giugno apre Palazzo San Felice, futura sede della Biblioteca di archeologia e storia dell\u2019arte<\/span><\/a><\/div><\/li>\n<li><a class=\"wp-block-latest-posts__post-title\" href=\"https:\/\/lazio.cultura.gov.it\/?p=9553\">Parco archeologico del Colosseo. Mostra Magna Mater<\/a><div class=\"wp-block-latest-posts__post-excerpt\">Il culto di Magna Mater tra Roma e Zama Dal 6 giugno al 5 novembre 2025, il Parco archeologico del Colosseo ospita la mostra \u201cMagna Mater\u2026 <a class=\"wp-block-latest-posts__read-more\" href=\"https:\/\/lazio.cultura.gov.it\/?p=9553\" rel=\"noopener noreferrer\">Leggi tutto<span class=\"screen-reader-text\">: Parco archeologico del Colosseo. Mostra Magna Mater<\/span><\/a><\/div><\/li>\n<li><a class=\"wp-block-latest-posts__post-title\" href=\"https:\/\/lazio.cultura.gov.it\/?p=9524\">Villa Sciarra, Accordo di Valorizzazione<\/a><div class=\"wp-block-latest-posts__post-excerpt\">Il 15 maggio scorso \u00e8 stato firmato l\u2019Accordo di Valorizzazione di Villa Sciarra tra il Segretariato Regionale per il Lazio, l\u2019amministrazione di Roma Capitale e l\u2019Agenzia\u2026 <a class=\"wp-block-latest-posts__read-more\" href=\"https:\/\/lazio.cultura.gov.it\/?p=9524\" rel=\"noopener noreferrer\">Leggi tutto<span class=\"screen-reader-text\">: Villa Sciarra, Accordo di Valorizzazione<\/span><\/a><\/div><\/li>\n<li><a class=\"wp-block-latest-posts__post-title\" href=\"https:\/\/lazio.cultura.gov.it\/?p=9506\">Roma, Gallerie Nazionali di Arte Antica di Palazzo Barberini e Galleria Corsini &#8211; Mostra Caravaggio 2025: nuovi orari serali e aperture straordinarie<\/a><div class=\"wp-block-latest-posts__post-excerpt\">Fino al 6 luglio la Galleria Nazionale di Arte antica di Palazzo Barberini, in collaborazione con la Galleria Borghese e il supporto della Direzione Generale Musei,\u2026 <a class=\"wp-block-latest-posts__read-more\" href=\"https:\/\/lazio.cultura.gov.it\/?p=9506\" rel=\"noopener noreferrer\">Leggi tutto<span class=\"screen-reader-text\">: Roma, Gallerie Nazionali di Arte Antica di Palazzo Barberini e Galleria Corsini &#8211; Mostra Caravaggio 2025: nuovi orari serali e aperture straordinarie<\/span><\/a><\/div><\/li>\n<\/ul>","protected":false},"excerpt":{"rendered":"<p>Benvenuti nel sito istituzionale della Direzione amministrativa &#8211; Soprintendenza Speciale ABAP di Roma Il sito si propone come punto di riferimento per la conoscenza delle attivit\u00e0 [&hellip;]<\/p>\n","protected":false},"author":5,"featured_media":0,"parent":0,"menu_order":0,"comment_status":"closed","ping_status":"closed","template":"","meta":{"footnotes":""},"class_list":["post-2359","page","type-page","status-publish","hentry"],"_links":{"self":[{"href":"https:\/\/lazio.cultura.gov.it\/index.php?rest_route=\/wp\/v2\/pages\/2359"}],"collection":[{"href":"https:\/\/lazio.cultura.gov.it\/index.php?rest_route=\/wp\/v2\/pages"}],"about":[{"href":"https:\/\/lazio.cultura.gov.it\/index.php?rest_route=\/wp\/v2\/types\/page"}],"author":[{"embeddable":true,"href":"https:\/\/lazio.cultura.gov.it\/index.php?rest_route=\/wp\/v2\/users\/5"}],"replies":[{"embeddable":true,"href":"https:\/\/lazio.cultura.gov.it\/index.php?rest_route=%2Fwp%2Fv2%2Fcomments&post=2359"}],"version-history":[{"count":10,"href":"https:\/\/lazio.cultura.gov.it\/index.php?rest_route=\/wp\/v2\/pages\/2359\/revisions"}],"predecessor-version":[{"id":9785,"href":"https:\/\/lazio.cultura.gov.it\/index.php?rest_route=\/wp\/v2\/pages\/2359\/revisions\/9785"}],"wp:attachment":[{"href":"https:\/\/lazio.cultura.gov.it\/index.php?rest_route=%2Fwp%2Fv2%2Fmedia&parent=2359"}],"curies":[{"name":"wp","href":"https:\/\/api.w.org\/{rel}","templated":true}]}}